{"id":1070,"date":"2024-08-17T13:44:56","date_gmt":"2024-08-17T13:44:56","guid":{"rendered":"https:\/\/www.betranslated.ca\/services-de-traduction-en-colombie-britannique\/"},"modified":"2026-04-15T08:18:21","modified_gmt":"2026-04-15T08:18:21","slug":"services-de-traduction-colombie-britannique","status":"publish","type":"page","link":"https:\/\/www.betranslated.ca\/fr\/services-de-traduction-colombie-britannique\/","title":{"rendered":"Services de traduction en Colombie-Britannique"},"content":{"rendered":"\n<p>La Colombie-Britannique est r\u00e9put\u00e9e pour sa diversit\u00e9 culturelle et son \u00e9conomie florissante, ce qui en fait l&rsquo;une des r\u00e9gions les plus multilingues du Canada.<\/p>\n\n<p>Dans des villes comme Vancouver, Victoria, Surrey, Burnaby et Richmond, on observe une demande croissante en services de traduction afin de faciliter la communication entre diff\u00e9rentes langues, notamment l&rsquo;anglais, le chinois, le tagalog, le portugais et bien d&rsquo;autres encore.<\/p>\n\n<p>Cette demande est particuli\u00e8rement forte dans des secteurs tels que la technologie, le tourisme, la sant\u00e9 et le commerce international, o\u00f9 une communication efficace est pr\u00e9pond\u00e9rante.<\/p>\n\n<p>BeTranslated propose des services d&rsquo;interpr\u00e9tation et de traduction sp\u00e9cialis\u00e9s, adapt\u00e9s aux sp\u00e9cificit\u00e9s linguistiques des entreprises et des particuliers dans toute la Colombie-Britannique.<\/p>\n\n<p>Nos services couvrent \u00e0 la fois l&rsquo;anglais et le fran\u00e7ais, ce qui nous permet de r\u00e9pondre \u00e0 toutes les sp\u00e9cificit\u00e9s linguistiques des provinces.<\/p>\n\n<p>BeTranslated propose des traductions pr\u00e9cises et des services d&rsquo;interpr\u00e9tation afin de surmonter les barri\u00e8res linguistiques et favoriser une communication claire, que ce soit dans un contexte professionnel ou priv\u00e9.<\/p>\n\n<h2 class=\"wp-block-heading\" id=\"specialised-translation-services-in-british-columbia\">Services de traduction sp\u00e9cialis\u00e9e en Colombie-Britannique<\/h2>\n\n<h3 class=\"wp-block-heading\" id=\"legal-translation-services\">Services de traduction juridique<\/h3>\n\n<p>Le secteur juridique en Colombie-Britannique a besoin de services de traduction de qualit\u00e9 pour garantir que les documents soient correctement interpr\u00e9t\u00e9s dans le cadre des proc\u00e9dures judiciaires.<\/p>\n\n<p>BeTranslated propose des services de traduction juridique sp\u00e9cialis\u00e9e, qui couvrent un large \u00e9ventail de documents, notamment des contrats, des pi\u00e8ces judiciaires et des actes officiels.<\/p>\n\n<p>Nos traducteurs certifi\u00e9s poss\u00e8dent une grande exp\u00e9rience de la terminologie juridique, ce qui garantit que toutes les traductions r\u00e9pondent aux normes de pr\u00e9cision les plus strictes et sont reconnues par les autorit\u00e9s judiciaires, y compris les gouvernements provincial et f\u00e9d\u00e9ral.<\/p>\n\n<p>Nous proposons \u00e9galement des services d&rsquo;interpr\u00e9tation pour les proc\u00e9dures juridiques ou judiciaires, afin d&rsquo;\u00eatre accessible aux personnes sourdes ou malentendantes.<\/p>\n\n<h3 class=\"wp-block-heading\" id=\"medical-translation-services\">Services de traduction m\u00e9dicale<\/h3>\n\n<p>Dans le secteur de la sant\u00e9 en Colombie-Britannique, il est essentiel de disposer de services de traduction et d&rsquo;interpr\u00e9tation de qualit\u00e9, en particulier dans des villes comme Surrey et Burnaby, o\u00f9 la population tr\u00e8s diversifi\u00e9e requiert des soins m\u00e9dicaux dans diff\u00e9rentes langues.<\/p>\n\n<p>BeTranslated propose des services de traduction m\u00e9dicale pour les dossiers m\u00e9dicaux, les formulaires de consentement, les rapports m\u00e9dicaux et autres documents essentiels dans le domaine de la sant\u00e9.<\/p>\n\n<p>Notre \u00e9quipe est sp\u00e9cialis\u00e9e dans la traduction de contenus m\u00e9dicaux vers plusieurs langues, notamment le farsi, l&rsquo;arabe, l&rsquo;ourdou, le vietnamien et bien d&rsquo;autres encore.<\/p>\n\n<p>Nous proposons \u00e9galement des services d&rsquo;interpr\u00e9tation pour les consultations m\u00e9dicales, afin de garantir une communication claire et efficace entre les patients et les professionnels de sant\u00e9, que ce soit en anglais, en fran\u00e7ais ou dans d&rsquo;autres langues.<\/p>\n\n<h3 class=\"wp-block-heading\" id=\"technical-translation-services\">Services de traduction technique<\/h3>\n\n<p>Vancouver, en tant que p\u00f4le technologique de premier plan, demande services de traduction technique de haute qualit\u00e9 pour soutenir son secteur technologique en pleine expansion.<\/p>\n\n<p>BeTranslated est sp\u00e9cialis\u00e9e dans la traduction de documents techniques, tels que les manuels d&rsquo;utilisation, les interfaces logicielles et les sp\u00e9cifications techniques, vers des langues comme le japonais, le cor\u00e9en, l&rsquo;allemand et l&rsquo;italien.<\/p>\n\n<p>Nos traducteurs sont des experts en terminologie technique, ce qui garantit que les contenus complexes sont traduits avec pr\u00e9cision et facilement compr\u00e9hensibles par un public international.<\/p>\n\n<p>Cela permet de s&rsquo;assurer que les entreprises dans le secteur de la technologie de Vancouver respectent les standards internationaux et que nous livrons des projets qui respectent les besoins des divers clients, y compris ceux de l&rsquo;Asie de l&rsquo;est, du sud, et plus encore.<\/p>\n\n<h3 class=\"wp-block-heading\" id=\"multilingual-seo-and-localisation-services\">Services de r\u00e9f\u00e9rencement multilingue et de localisation<\/h3>\n\n<p>Dans le march\u00e9 international actuel, il est n\u00e9cessaire d&rsquo;avoir une forte pr\u00e9sence en ligne pour les compagnies qui cherchent \u00e0 s&rsquo;\u00e9tendre \u00e0 l&rsquo;international.<\/p>\n\n<p>BeTranslated propose des services de r\u00e9f\u00e9rencement multilingue pour aider les compagnies de la Colombie-Britannique \u00e0 atteindre divers march\u00e9s, \u00e0 l&rsquo;\u00e9chelle locale et internationale.<\/p>\n\n<p>Nos services de traduction optimis\u00e9s pour le SEO permettent au contenu en ligne pour plusieurs langues, y compris le russe, le polonais, le turc et le cantonais de se mieux placer sur les moteurs de recherches. Cela permet aux compagnies de toucher les clients internationaux et d&rsquo;am\u00e9liorer leur visibilit\u00e9 dans les moteurs de recherche et ce dans diff\u00e9rentes r\u00e9gions.<\/p>\n\n<h3 class=\"wp-block-heading\" id=\"interpretation-services-across-bc\">Services d&rsquo;interpr\u00e9tation dans toute la Colombie-Britannique<\/h3>\n\n<p>Les services d&rsquo;interpr\u00e9tation sont n\u00e9cessaires dans de nombreux cas de figure, en particulier pour les r\u00e9unions professionnelles, les rendez-vous pour des soins de sant\u00e9 et les d\u00e9marches l\u00e9gales.<\/p>\n\n<p>BeTranslated propose des services d&rsquo;interpr\u00e9tation personnalis\u00e9s pour chaque client dans toute la Colombie-Britannique.<\/p>\n\n<p>Que vous recherchiez une interpr\u00e9tation simultan\u00e9e pour une grande conf\u00e9rence ou une interpr\u00e9tation cons\u00e9cutive pour une consultation m\u00e9dicale, nos interpr\u00e8tes chevronn\u00e9s vous proposent des services linguistiques de qualit\u00e9 quand la situation l&rsquo;exige.<\/p>\n\n<p>Nous proposons \u00e9galement un services d&rsquo;intrerpr\u00e9tation de langue des signes am\u00e9ricaine (ASL) et de langue des signes qu\u00e9b\u00e9coise (QSL) pour subvenir aux besoins des personnes sourdes et malentendantes.<\/p>\n\n<p>Nos services assurent une communication fluide et efficace, peut importe les langues parl\u00e9es.<\/p>\n\n<h2 class=\"wp-block-heading\" id=\"translation-services-in-vancouver\">Services de traduction \u00e0 Vancouver<\/h2>\n\n<h3 class=\"wp-block-heading\" id=\"vancouver-a-hub-for-multilingual-communication\">Vancouver : une plaque tournante de la communication multilingue<\/h3>\n\n<p>Vancouver est l&rsquo;une des villes les plus vari\u00e9es sur le plan de la culture en Colombie-Britannique. En effet, la population y parle un grand \u00e9ventail de langues diff\u00e9rentes : mandarin, penjabi, espagnol, fran\u00e7ais, etc.<\/p>\n\n<p>La position de la ville, p\u00f4le d&rsquo;affaires et destination touristique, amplifie davantage la n\u00e9cessit\u00e9 des services de traduction et d&rsquo;int\u00e9rpr\u00e9tation de qualit\u00e9.<\/p>\n\n<p>BeTranslated propose des services complets \u00e0 Vancouver, afin de s&rsquo;adapter au paysage linguistique unique des r\u00e9sidents et des compagnies de la ville.<\/p>\n\n<p>Des services de traduction de documents l\u00e9gaux et m\u00e9dicaux aux services d&rsquo;interpr\u00e9tation de conf\u00e9rence et d&rsquo;\u00e9v\u00e8nements, BeTranslated s&rsquo;assure que la communication est claire et adapt\u00e9e aux diff\u00e9rentes cultures.<\/p>\n\n<h3 class=\"wp-block-heading\" id=\"interpretation-services-in-vancouver\">Services d&rsquo;interpr\u00e9tation \u00e0 Vancouver<\/h3>\n\n<p>De nombreuses conf\u00e9rences internationales, r\u00e9union d&rsquo;affaires et \u00e9v\u00e8nements qui n\u00e9cessitent des services d&rsquo;interpr\u00e9tation professionnels sont organis\u00e9s \u00e0 Vancouver.<\/p>\n\n<p>BeTranslated propose des services d&rsquo;interpr\u00e9tation de grande qualit\u00e9 afin que les barri\u00e8res linguistiques ne constituent pas un obstacle \u00e0 la communication lors de ces \u00e9v\u00e8nements.<\/p>\n\n<p>Nos interpr\u00e8tes sont exp\u00e9riment\u00e9s en interpr\u00e9tation simultan\u00e9e et de conf\u00e9rence et prennent en charge les exigences linguistiques de la population multiculturelle de Vancouver.<\/p>\n\n<p>Qu&rsquo;il s&rsquo;agisse d&rsquo;un \u00e9v\u00e8nement pour le travail, d&rsquo;une d\u00e9marche l\u00e9gale ou d&rsquo;une consultation m\u00e9dicale, les services d&rsquo;interpr\u00e9tation de BeTranslated garantissent une communication fiable et efficace.<\/p>\n\n<h3 class=\"wp-block-heading\" id=\"community-support-and-translation-resources-in-vancouver\">Ressources communautaires et de traduction \u00e0 Vancouver<\/h3>\n\n<p>Les communaut\u00e9s tr\u00e8s diverses de Vancouver font souvent appel aux services de traduction pour des questions d&rsquo;ordre personnel ou communautaire.<\/p>\n\n<p>BeTranslated propose des services de traduction destin\u00e9s \u00e0 aider ces communaut\u00e9s en traduisant des documents personnels, tels que les actes de naissance, les certificats de mariage et les relev\u00e9s de notes.<\/p>\n\n<p>De plus, nous proposons des services d&rsquo;interpr\u00e9tation lors d&rsquo;\u00e9v\u00e9nements communautaires, afin de faciliter la communication et l&rsquo;int\u00e9gration au sein de la soci\u00e9t\u00e9 multiculturelle de Vancouver.<\/p>\n\n<p>Notre engagement \u00e0 soutenir la population diversifi\u00e9e de Vancouver garantit \u00e0 chacun l&rsquo;acc\u00e8s aux services linguistiques demand\u00e9s.<\/p>\n\n<h2 class=\"wp-block-heading\" id=\"preparing-documents-for-translation\">Pr\u00e9paration des documents en vue de leur traduction<\/h2>\n\n<h3 class=\"wp-block-heading\" id=\"best-practices-for-document-preparation\">Bonnes pratiques pour la pr\u00e9paration des documents<\/h3>\n\n<p>Lors de la pr\u00e9paration de documents en vue de leur traduction, il est primordial de s&rsquo;assurer qu&rsquo;ils sont exacts et complets.<\/p>\n\n<p>Avant d&rsquo;envoyer vos documents, relisez-les attentivement pour vous assurer que les informations qu&rsquo;ils contiennent sont claires et sans ambig\u00fcit\u00e9.<\/p>\n\n<p>Cela permet \u00e0 nos traducteurs de fournir des traductions pr\u00e9cises et fid\u00e8les.<\/p>\n\n<p>BeTranslated recommande de fournir autant de contexte que possible, y compris toute information de fond pertinente ou instruction sp\u00e9cifique, afin de garantir que la traduction rende bien le sens souhait\u00e9.<\/p>\n\n<p>Notre \u00e9quipe se tient \u00e9galement \u00e0 votre disposition pour vous conseiller sur la meilleure fa\u00e7on de pr\u00e9parer vos documents en vue de leur traduction, afin de faciliter le processus et de garantir un r\u00e9sultat de grande qualit\u00e9.<\/p>\n\n<h3 class=\"wp-block-heading\" id=\"understanding-the-translation-timeline\">Comprendre le calendrier d&rsquo;une traduction<\/h3>\n\n<p>La dur\u00e9e n\u00e9cessaire \u00e0 la r\u00e9alisation d&rsquo;un projet de traduction peut varier en fonction de plusieurs facteurs, notamment la complexit\u00e9 du document, la combinaison linguistique et le volume de texte.<\/p>\n\n<p>BeTranslated travaille avec efficacit\u00e9 pour respecter vos d\u00e9lais sans faire de compromis sur la qualit\u00e9.<\/p>\n\n<p>Pour les traductions urgentes, nous vous recommandons de vous y prendre \u00e0 l&rsquo;avance et de pr\u00e9voir suffisamment de temps pour le processus de traduction.<\/p>\n\n<p>Notre \u00e9quipe vous fournira un calendrier pr\u00e9cis pour votre projet, afin que vous sachiez exactement quand vous pourrez recevoir vos documents traduits.<\/p>\n\n<p>Cela permet une meilleure planification et coordination, en particulier pour les entreprises et les professionnels du droit press\u00e9s par le temps.<\/p>\n\n<h2 class=\"wp-block-heading\" id=\"choosing-the-right-translation-service-provider-in-british-columbia\">Choisir le bon prestataire de services de traduction en Colombie-Britannique<\/h2>\n\n<h3 class=\"wp-block-heading\" id=\"what-to-look-for-in-a-translation-service\">Ce qu&rsquo;il faut rechercher chez un prestataire de services de traduction<\/h3>\n\n<p>Il est essentiel de choisir le bon prestataire de services de traduction pour garantir la pr\u00e9cision et la fiabilit\u00e9 de vos traductions.<\/p>\n\n<p>Il est n\u00e9cessaire de choisir un prestataire qui dispose de traducteurs certifi\u00e9s poss\u00e9dant l&rsquo;expertise n\u00e9cessaire dans le domaine de traduction qui vous int\u00e9resse.<\/p>\n\n<p>BeTranslated est reconnue pour son engagement en faveur de la qualit\u00e9 et du professionnalisme, et propose une large gamme de services, notamment des traductions juridiques, m\u00e9dicales, techniques et optimis\u00e9es pour le r\u00e9f\u00e9rencement.<\/p>\n\n<p>Notre \u00e9quipe de traducteurs exp\u00e9riment\u00e9s dispose de connaissances sp\u00e9cifiques \u00e0 chaque secteur, ce qui garantit que vos documents sont traduits avec pr\u00e9cision et dans le respect des sp\u00e9cificit\u00e9s culturelles.<\/p>\n\n<p>De plus, les t\u00e9moignages de clients et une exp\u00e9rience av\u00e9r\u00e9e en mati\u00e8re de projets men\u00e9s \u00e0 bien peuvent fournir des informations pr\u00e9cieuses lors du choix d&rsquo;un prestataire de services de traduction.<\/p>\n\n<h3 class=\"wp-block-heading\" id=\"why-choose-betranslated-for-your-translation-needs\">Pourquoi choisir BeTranslated pour vos traduction ?<\/h3>\n\n<p>BeTranslated est l&rsquo;un des principaux prestataires de services de traduction, fort d&rsquo;une exp\u00e9rience depuis 2002. Notre engagement \u00e0 servir des entreprises issues de secteurs vari\u00e9s nous a permis de nous imposer comme un partenaire de confiance pour les soci\u00e9t\u00e9s \u00e0 la recherche de solutions linguistiques professionnelles. <strong>Points forts :<\/strong> <\/p>\n\n<ul class=\"wp-block-list\">\n<li><strong>Expertise sectorielle :<\/strong> plus de vingt ans d&rsquo;exp\u00e9rience dans la traduction pour divers secteurs d&rsquo;activit\u00e9, notamment le marketing, les domaines techniques, l&rsquo;informatique et la communication d&rsquo;entreprise en g\u00e9n\u00e9ral.<\/li>\n\n\n\n<li><strong>Une approche ax\u00e9e sur les entreprises :<\/strong> nos services sont sp\u00e9cialement con\u00e7us pour les entreprises et les organisations et r\u00e9pondent aux d\u00e9fis sp\u00e9cifiques de la communication d&rsquo;entreprise.<\/li>\n\n\n\n<li><strong>Un rapport qualit\u00e9-prix avantageux :<\/strong> avec des tarifs standards \u00e0 partir de 0,11 $ par mot, nous proposons des traductions de grande qualit\u00e9 \u00e0 des prix comp\u00e9titifs.<\/li>\n\n\n\n<li><strong>Flexibilit\u00e9 linguistique :<\/strong> bien que nous soyons sp\u00e9cialis\u00e9s dans six langues principales, nous pouvons prendre en charge d&rsquo;autres combinaisons linguistiques pour nos clients r\u00e9guliers, afin de r\u00e9pondre \u00e0 la diversit\u00e9 de leurs besoins professionnels.<\/li>\n<\/ul>\n\n<p><strong>Nos services complets :<\/strong><\/p>\n\n<ul class=\"wp-block-list\">\n<li>Traduction professionnelle de textes<\/li>\n\n\n\n<li>Localisation de contenus audiovisuels<\/li>\n\n\n\n<li>Traduction de documents commerciaux<\/li>\n\n\n\n<li>Adaptation de supports marketing<\/li>\n\n\n\n<li>Traduction de documentation technique<\/li>\n<\/ul>\n\n<p><strong>Perspectives du secteur :<\/strong><\/p>\n\n<ul class=\"wp-block-list\">\n<li>Le <strong>secteur canadien de la traduction est \u00e9valu\u00e9 \u00e0 environ 450 millions de dollars<\/strong>, hors traductions internes.<\/li>\n\n\n\n<li>Ce secteur emploie plus de 4 500 professionnels, ce qui t\u00e9moigne de la forte demande en services linguistiques de qualit\u00e9.<\/li>\n\n\n\n<li>Le march\u00e9 de la traduction connait une forte croissance, avec des taux annuels compris entre 5 et 10 %.<\/li>\n<\/ul>\n\n<p>Chez BeTranslated, nous sommes conscients du r\u00f4le essentiel que joue une communication pr\u00e9cise dans le contexte commercial mondial actuel. <\/p>\n\n<p>Notre \u00e9quipe de traducteurs qualifi\u00e9s veille \u00e0 ce que chaque projet, quelle que soit son ampleur ou sa complexit\u00e9, fasse l&rsquo;objet d&rsquo;une attention minutieuse port\u00e9e aux d\u00e9tails. <\/p>\n\n<p>Nous sommes fiers de fournir des traductions qui ne se contentent pas de restituer les mots justes, mais qui saisissent \u00e9galement les nuances et le contexte indispensables \u00e0 une communication professionnelle efficace. Notre engagement envers la qualit\u00e9 et la satisfaction de nos clients est sans faille. <\/p>\n\n<p>Nous am\u00e9liorons sans cesse nos proc\u00e9d\u00e9s et nous nous tenons inform\u00e9s des derni\u00e8res \u00e9volutions du secteur afin d&rsquo;offrir \u00e0 nos clients des solutions linguistiques de pointe.<\/p>\n\n<p>Que vous souhaitiez vous implanter sur de nouveaux march\u00e9s, adapter vos supports marketing ou traduire de la documentation technique, BeTranslated dispose de l&rsquo;expertise n\u00e9cessaire pour vous aider \u00e0 atteindre vos objectifs commerciaux.<\/p>\n\n<p>Choisissez BeTranslated pour des traductions qui vont au-del\u00e0 des mots : nous vous proposons des communications qui trouvent un \u00e9cho aupr\u00e8s de votre public cible et font progresser votre entreprise.<\/p>\n\n<p><strong>Contactez-nous d\u00e8s aujourd&rsquo;hui <\/strong>pour discuter de vos exigences sp\u00e9cifiques en mati\u00e8re de traduction et obtenir un devis personnalis\u00e9, adapt\u00e9 aux imp\u00e9ratifs de votre entreprise dans des villes telles que Vancouver, Toronto, <a href=\"https:\/\/www.betranslated.ca\/fr\/services-de-traduction-au-quebec\/services-de-traduction-montreal\/\" data-type=\"page\" data-id=\"571\">Montr\u00e9al<\/a>, Calgary et Ottawa. <\/p>\n\n<p>Rendez-vous sur notre <a href=\"https:\/\/www.betranslated.ca\/contact\/\" target=\"_blank\" rel=\"noreferrer noopener\">formulaire de contact<\/a> pour recevoir votre devis.<\/p>\n\n<h2 class=\"wp-block-heading\" id=\"faqs-about-translation-services-in-british-columbia\">Foire aux questions sur les services de traduction en Colombie-Britannique<\/h2>\n\n<h3 class=\"wp-block-heading\" id=\"what-is-the-difference-between-translation-and-interpretation\">Quelle est la diff\u00e9rence entre la traduction et l&rsquo;interpr\u00e9tation ?<\/h3>\n\n<p>La traduction, c&rsquo;est la conversion d&rsquo;un texte \u00e9crit dans une langue, vers une autre langue ; l&rsquo;interpr\u00e9tation, s&rsquo;applique quant \u00e0 elle, au langage oral.<\/p>\n\n<h3 class=\"wp-block-heading\" id=\"how-do-i-ensure-my-translation-is-certified\">Comment puis-je m&rsquo;assurer que ma traduction est certifi\u00e9e ?<\/h3>\n\n<p>Les traductions certifi\u00e9es sont prises en charge par des traducteurs qualifi\u00e9s et reconnus par des organismes professionnels.<\/p>\n\n<p>BeTranslated fournit des traductions certifi\u00e9es qui respectent les conditions des institutions. <\/p>\n\n<h3 class=\"wp-block-heading\" id=\"how-long-does-the-translation-process-take\">Combien de temps dure le processus de traduction ?<\/h3>\n\n<p>La dur\u00e9e d\u00e9pend de la complexit\u00e9 et du volume du texte, ainsi que de la paire de langues.<\/p>\n\n<p>BeTranslated vous fournira une date de livraison pour votre projet sur la base de ces facteurs.<\/p>\n\n<h3 class=\"wp-block-heading\" id=\"what-are-the-most-common-languages-translated-in-bc\">Quelles sont les langues les plus couramment traduites en Colombie-Britannique ?<\/h3>\n\n<p>Les langues les plus communes sont, entre autres, le mandarin, le penjabi, l&rsquo;espagnol et le fran\u00e7ais, ce qui refl\u00e8te la population diverse de la province.<\/p>\n\n<h3 class=\"wp-block-heading\" id=\"how-much-do-translation-services-cost-in-british-columbia\">Combien coutent les services de traduction en Colombie-Britannique ?<\/h3>\n\n<p>Les couts varient en fonction du type de service, de la paire de langues et de la complexit\u00e9 du document.<\/p>\n\n<p>BeTranslated propose des prix comp\u00e9titifs et vous fournira un devis d\u00e9taill\u00e9 pour votre projet.<\/p>\n","protected":false},"excerpt":{"rendered":"<p>Au service des entreprises et des particuliers dans toute la Colombie-Britannique, y compris \u00e0 Vancouver, BeTranslated propose des traductions m\u00e9dicales, juridiques, d&rsquo;interpr\u00e9tation et des services de traduction orient\u00e9s en r\u00e9f\u00e9rencement de qualit\u00e9 dans plus de 50 langues. Laissez-nous vous aider \u00e0 vous ouvrir au monde en toute confiance. <\/p>\n<p>\ud83d\udce9 Contactez-nous pour en savoir plus !<\/p>\n","protected":false},"author":2,"featured_media":1051,"parent":0,"menu_order":0,"comment_status":"closed","ping_status":"closed","template":"","meta":{"_et_pb_use_builder":"","_et_pb_old_content":"","_et_gb_content_width":"","footnotes":""},"dipi_cpt_category":[47],"class_list":["post-1070","page","type-page","status-publish","has-post-thumbnail","hentry","dipi_cpt_category-region"],"_links":{"self":[{"href":"https:\/\/www.betranslated.ca\/fr\/wp-json\/wp\/v2\/pages\/1070","targetHints":{"allow":["GET"]}}],"collection":[{"href":"https:\/\/www.betranslated.ca\/fr\/wp-json\/wp\/v2\/pages"}],"about":[{"href":"https:\/\/www.betranslated.ca\/fr\/wp-json\/wp\/v2\/types\/page"}],"author":[{"embeddable":true,"href":"https:\/\/www.betranslated.ca\/fr\/wp-json\/wp\/v2\/users\/2"}],"replies":[{"embeddable":true,"href":"https:\/\/www.betranslated.ca\/fr\/wp-json\/wp\/v2\/comments?post=1070"}],"version-history":[{"count":10,"href":"https:\/\/www.betranslated.ca\/fr\/wp-json\/wp\/v2\/pages\/1070\/revisions"}],"predecessor-version":[{"id":1304,"href":"https:\/\/www.betranslated.ca\/fr\/wp-json\/wp\/v2\/pages\/1070\/revisions\/1304"}],"wp:featuredmedia":[{"embeddable":true,"href":"https:\/\/www.betranslated.ca\/fr\/wp-json\/wp\/v2\/media\/1051"}],"wp:attachment":[{"href":"https:\/\/www.betranslated.ca\/fr\/wp-json\/wp\/v2\/media?parent=1070"}],"wp:term":[{"taxonomy":"dipi_cpt_category","embeddable":true,"href":"https:\/\/www.betranslated.ca\/fr\/wp-json\/wp\/v2\/dipi_cpt_category?post=1070"}],"curies":[{"name":"wp","href":"https:\/\/api.w.org\/{rel}","templated":true}]}}