{"id":1075,"date":"2024-08-17T13:58:55","date_gmt":"2024-08-17T13:58:55","guid":{"rendered":"https:\/\/www.betranslated.ca\/services-de-traduction-a-terre-neuve-et-labrador\/"},"modified":"2026-04-10T14:19:27","modified_gmt":"2026-04-10T14:19:27","slug":"services-de-traduction-terre-neuve-et-labrador","status":"publish","type":"page","link":"https:\/\/www.betranslated.ca\/fr\/services-de-traduction-terre-neuve-et-labrador\/","title":{"rendered":"Services de traduction \u00e0 Terre-Neuve-et-Labrador"},"content":{"rendered":"\n<p>\u00c0<a href=\"https:\/\/www.betranslated.ca\/fr\/services-de-traduction-terre-neuve-et-labrador\/\"> Terre-Neuve-et-Labrador<\/a>, o\u00f9 le patrimoine culturel est aussi vari\u00e9 que les paysages accident\u00e9s, une communication efficace est primordiale \u00e0 la r\u00e9ussite.<\/p>\n\n<p>BeTranslated propose des <a href=\"https:\/\/www.betranslated.ca\/fr\/\" data-type=\"page\" data-id=\"11\">services de traduction professionnels<\/a> afin de surmonter les barri\u00e8res linguistiques et de favoriser la compr\u00e9hension.<\/p>\n\n<h2 class=\"wp-block-heading\" id=\"why-choose-our-translation-services-in-newfoundland-and-labrador\">Pourquoi choisir nos services de traduction \u00e0 Terre-Neuve-et-Labrador ?<\/h2>\n\n<p>Dans une province r\u00e9put\u00e9e pour son riche patrimoine culturel et ses industries en plein essor, il est essentiel de pouvoir compter sur des services de traduction pr\u00e9cis et fiables.<\/p>\n\n<p>BeTranslated propose :<\/p>\n\n<ul class=\"wp-block-list\">\n<li><strong>Expertise dans de nombreux domaines et langues :<\/strong> nos traducteurs certifi\u00e9s poss\u00e8dent une vaste exp\u00e9rience dans les traductions juridiques, m\u00e9dicales, techniques et commerciales.<\/li>\n\n\n\n<li><strong>Sensibilit\u00e9 culturelle :<\/strong> nous respectons les contextes culturels, afin de garantir que votre message soit \u00e0 la fois pr\u00e9cis et adapt\u00e9.<\/li>\n\n\n\n<li><strong>D\u00e9lais d&rsquo;ex\u00e9cution rapides :<\/strong> nous fournissons rapidement des traductions de grande qualit\u00e9 et respectons les d\u00e9lais serr\u00e9s sans en compromettre la qualit\u00e9.<\/li>\n\n\n\n<li><strong>Service personnalis\u00e9 :<\/strong> nous adaptons nos services \u00e0 vos besoins sp\u00e9cifiques.<\/li>\n<\/ul>\n\n<h2 class=\"wp-block-heading\" id=\"comprehensive-translation-services\">Services de traduction complets<\/h2>\n\n<p>BeTranslated propose une large gamme de services con\u00e7us pour r\u00e9pondre aux besoins sp\u00e9cifiques des entreprises, des organismes publics et des habitants de Terre-Neuve-et-Labrador :<\/p>\n\n<h3 class=\"wp-block-heading\" id=\"business-translation-services\"><strong>Services de traduction pour professionnels<\/strong><\/h3>\n\n<p>Dans les p\u00f4les d&rsquo;activit\u00e9 de St. John&rsquo;s, Mount Pearl et Corner Brook, une communication claire est la cl\u00e9 du succ\u00e8s.<\/p>\n\n<p>Nos services comprennent :<\/p>\n\n<ul class=\"wp-block-list\">\n<li><strong>Traduction de documents :<\/strong> contrats, propositions commerciales et supports marketing<\/li>\n\n\n\n<li><strong>Localisation de site web : <\/strong>touchez un public plus large en localisant votre site web<\/li>\n\n\n\n<li><strong>Traductions techniques :<\/strong> pour des secteurs tels que l&rsquo;\u00e9nergie, la p\u00eache et la technologie<\/li>\n<\/ul>\n\n<h3 class=\"wp-block-heading\" id=\"certified-translation-services\"><strong>Services de traduction certifi\u00e9e<\/strong><\/h3>\n\n<p>Nous proposons des traductions certifi\u00e9es conformes qui r\u00e9pondent \u00e0 toutes les exigences r\u00e8glementaires, garantissant ainsi la validit\u00e9 juridique de vos documents.<\/p>\n\n<p>Nos services couvrent les documents judiciaires, les documents d&rsquo;immigration et les relev\u00e9s de notes.<\/p>\n\n<h3 class=\"wp-block-heading\" id=\"medical-translation-services\"><strong>Services de traduction m\u00e9dicale<\/strong><\/h3>\n\n<p>Dans le secteur de la sant\u00e9 de Terre-Neuve-et-Labrador, une communication claire peut \u00eatre une question de vie ou de mort.<\/p>\n\n<p>Nous traduisons les dossiers m\u00e9dicaux, les renseignements sur les patients et les formulaires de consentement avec pr\u00e9cision et en toute confidentialit\u00e9.<\/p>\n\n<h3 class=\"wp-block-heading\" id=\"public-sector-and-government-translation-services\"><strong>Des traductions destin\u00e9es aux administrations gouvernementales et au secteur public<\/strong><\/h3>\n\n<p>Nous travaillons en partenariat avec des organismes publics pour assurer la traduction de messages d&rsquo;int\u00e9r\u00eat public, de documents strat\u00e9giques et de textes juridiques.<\/p>\n\n<p>Nos services garantissent \u00e0 tous les habitants l&rsquo;acc\u00e8s aux informations essentielles, ce qui favorise ainsi l&rsquo;inclusion et l&rsquo;engagement citoyen.<\/p>\n\n<h3 class=\"wp-block-heading\" id=\"personal-document-translation-services\"><strong>Des traductions de documents personnels<\/strong><\/h3>\n\n<p>Nous proposons des traductions soign\u00e9es pour vos documents personnels, notamment :<\/p>\n\n<ul class=\"wp-block-list\">\n<li>Certificats de naissance<\/li>\n\n\n\n<li>Certificats de mariage<\/li>\n\n\n\n<li>Relev\u00e9s de notes<\/li>\n\n\n\n<li>Documents concernant l&rsquo;immigration<\/li>\n<\/ul>\n\n<h2 class=\"wp-block-heading\" id=\"why-newfoundland-and-labrador-needs-professional-translation-services\">Pourquoi Terre-Neuve-et-Labrador a besoin de services de traduction professionnels<\/h2>\n\n<p>Les services de traduction professionnels sont indispensables pour :<\/p>\n\n<ul class=\"wp-block-list\">\n<li>Favoriser la croissance des entreprises : aider les entreprises \u00e0 communiquer efficacement avec leurs partenaires internationaux<\/li>\n\n\n\n<li><strong>Promouvoir l&rsquo;inclusion :<\/strong> veiller \u00e0 ce que tous les habitants aient un acc\u00e8s \u00e9gal \u00e0 l&rsquo;information et aux ressources<\/li>\n\n\n\n<li><strong>Am\u00e9liorer les soins de sant\u00e9 :<\/strong> permettre aux professionnels de sant\u00e9 de prodiguer les meilleurs soins possibles<\/li>\n\n\n\n<li>Assurer la conformit\u00e9 r\u00e8glementaire : veiller au respect des normes r\u00e8glementaires<\/li>\n<\/ul>\n\n<h2 class=\"wp-block-heading\" id=\"partner-with-betranslated-for-expert-translation-services\">Faites appel \u00e0 BeTranslated pour b\u00e9n\u00e9ficier de services de traduction professionnels<\/h2>\n\n<p>Nous allions notre expertise linguistique \u00e0 une connaissance approfondie des nuances culturelles.<\/p>\n\n<p>Nos traductions sont pr\u00e9cises, fiables et adapt\u00e9es au contexte.<\/p>\n\n<h3 class=\"wp-block-heading\" id=\"why-choose-betranslated\"><strong>Pourquoi choisir BeTranslated ?<\/strong><\/h3>\n\n<ul class=\"wp-block-list\">\n<li>Pr\u00e9cision : nos traductions sont pr\u00e9cises et garantissent une communication claire dans toutes les langues<\/li>\n\n\n\n<li><strong>Fiabilit\u00e9 :<\/strong> nous livrons syst\u00e9matiquement des traductions de grande qualit\u00e9 dans les d\u00e9lais impartis<\/li>\n\n\n\n<li>Ad\u00e9quation culturelle : nos traducteurs maitrisent les contextes culturels de leurs langues de travail<\/li>\n<\/ul>\n\n<h3 class=\"wp-block-heading\" id=\"contact-us-today\"><strong>Contactez-nous d\u00e8s maintenant<\/strong><\/h3>\n\n<p>Faites le premier pas pour surmonter les barri\u00e8res linguistiques avec BeTranslated.<\/p>\n\n<p>Laissez-nous vous aider \u00e0 d\u00e9couvrir de nouveaux horizons et \u00e0 toucher un public international.<\/p>\n\n<p><a href=\"https:\/\/www.betranslated.ca\/fr\/devis-de-traduction\/\">Contactez-nous d\u00e8s maintenant<\/a> pour en savoir plus sur nos services de traduction \u00e0 Terre-Neuve-et-Labrador.<\/p>\n\n<p>Ensemble, nous pouvons faire de Terre-Neuve-et-Labrador une province plus solidaire, plus inclusive et plus prosp\u00e8re.<\/p>\n","protected":false},"excerpt":{"rendered":"<p>BeTranslated accompagne des clients dans toute la province de Terre-Neuve-et-Labrador, gr\u00e2ce \u00e0 ses services de traduction et d&rsquo;interpr\u00e9tation professionnels dans les domaines m\u00e9dical, juridique, du SEO et d&rsquo;autres secteurs sp\u00e9cialis\u00e9s. Communiquez efficacement gr\u00e2ce \u00e0 l&rsquo;aide d&rsquo;experts. <\/p>\n<p>\ud83d\udce9 Restons en contact, contactez-nous d\u00e8s aujourd&rsquo;hui !<\/p>\n","protected":false},"author":2,"featured_media":1074,"parent":0,"menu_order":0,"comment_status":"closed","ping_status":"closed","template":"","meta":{"_et_pb_use_builder":"","_et_pb_old_content":"","_et_gb_content_width":"","footnotes":""},"dipi_cpt_category":[47],"class_list":["post-1075","page","type-page","status-publish","has-post-thumbnail","hentry","dipi_cpt_category-region"],"_links":{"self":[{"href":"https:\/\/www.betranslated.ca\/fr\/wp-json\/wp\/v2\/pages\/1075","targetHints":{"allow":["GET"]}}],"collection":[{"href":"https:\/\/www.betranslated.ca\/fr\/wp-json\/wp\/v2\/pages"}],"about":[{"href":"https:\/\/www.betranslated.ca\/fr\/wp-json\/wp\/v2\/types\/page"}],"author":[{"embeddable":true,"href":"https:\/\/www.betranslated.ca\/fr\/wp-json\/wp\/v2\/users\/2"}],"replies":[{"embeddable":true,"href":"https:\/\/www.betranslated.ca\/fr\/wp-json\/wp\/v2\/comments?post=1075"}],"version-history":[{"count":10,"href":"https:\/\/www.betranslated.ca\/fr\/wp-json\/wp\/v2\/pages\/1075\/revisions"}],"predecessor-version":[{"id":1290,"href":"https:\/\/www.betranslated.ca\/fr\/wp-json\/wp\/v2\/pages\/1075\/revisions\/1290"}],"wp:featuredmedia":[{"embeddable":true,"href":"https:\/\/www.betranslated.ca\/fr\/wp-json\/wp\/v2\/media\/1074"}],"wp:attachment":[{"href":"https:\/\/www.betranslated.ca\/fr\/wp-json\/wp\/v2\/media?parent=1075"}],"wp:term":[{"taxonomy":"dipi_cpt_category","embeddable":true,"href":"https:\/\/www.betranslated.ca\/fr\/wp-json\/wp\/v2\/dipi_cpt_category?post=1075"}],"curies":[{"name":"wp","href":"https:\/\/api.w.org\/{rel}","templated":true}]}}