{"id":1082,"date":"2024-08-19T19:36:24","date_gmt":"2024-08-19T19:36:24","guid":{"rendered":"https:\/\/www.betranslated.ca\/services-de-traduction-de-documents-au-canada\/"},"modified":"2026-04-08T10:36:00","modified_gmt":"2026-04-08T10:36:00","slug":"services-de-traduction-documents-canada","status":"publish","type":"page","link":"https:\/\/www.betranslated.ca\/fr\/services-de-traduction-documents-canada\/","title":{"rendered":"Services de traduction de documents au Canada"},"content":{"rendered":"\n<p>Une traduction pr\u00e9cise et fiable des documents est essentielle pour les particuliers et les entreprises qui exercent leurs activit\u00e9s dans l&rsquo;environnement diversifi\u00e9 et multilingue du Canada.<\/p>\n\n<p>Que vous ayez besoin de traductions \u00e0 des fins juridiques, d&rsquo;immigration, d&rsquo;\u00e9ducation ou professionnelles, BeTranslated propose des services qui garantissent que vos documents sont traduits avec pr\u00e9cision et certifi\u00e9s conform\u00e9ment aux normes canadiennes.<\/p>\n\n<p>Nous sommes pr\u00e9sents dans les principales villes du Canada, notamment Toronto, Vancouver, Montr\u00e9al, Calgary et Ottawa.<\/p>\n\n<h2 class=\"wp-block-heading\">Services de traduction certifi\u00e9e de documents<\/h2>\n\n<p>La traduction certifi\u00e9e de documents est indispensable \u00e0 des fins officielles au Canada.<\/p>\n\n<p>Les traducteurs certifi\u00e9s de BeTranslated sont reconnus par les organismes de r\u00e8glementation et maitrisent la traduction des documents requis dans le cadre des proc\u00e9dures d&rsquo;immigration, des proc\u00e9dures judiciaires et d&rsquo;autres questions juridiques.<\/p>\n\n<p>Nous veillons \u00e0 ce que chaque traduction soit fid\u00e8le et conforme aux exigences fix\u00e9es des autorit\u00e9s canadiennes comp\u00e9tentes.<\/p>\n\n<h3 class=\"wp-block-heading\">Traduction de documents juridiques<\/h3>\n\n<p>Les documents juridiques exigent la plus grande pr\u00e9cision.<\/p>\n\n<p>Les services de <a href=\"https:\/\/www.betranslated.ca\/category\/legal-translation\/\" data-type=\"category\" data-id=\"21\">traduction juridique<\/a> de BeTranslated couvrent les contrats, les affidavits, les testaments et autres, ce qui garantit que chaque d\u00e9tail est traduit avec le plus grand soin et conserve son sens d&rsquo;origine.<\/p>\n\n<p>Nos traducteurs connaissent parfaitement le droit canadien, ce qui garantit que vos documents juridiques respectent toutes les normes l\u00e9gales requises.<\/p>\n\n<h3 class=\"wp-block-heading\">Traduction de documents d&rsquo;immigration<\/h3>\n\n<p>La proc\u00e9dure d&rsquo;immigration au Canada exige des traductions certifi\u00e9es conformes de divers documents, notamment les certificats de naissance, les passeports et les relev\u00e9s de notes.<\/p>\n\n<p>BeTranslated est sp\u00e9cialis\u00e9e dans la traduction rapide et pr\u00e9cise de ces documents, ce qui vous aide ainsi \u00e0 mener \u00e0 bien vos d\u00e9marches d&rsquo;immigration en toute simplicit\u00e9.<\/p>\n\n<h3 class=\"wp-block-heading\">Traduction de documents techniques<\/h3>\n\n<p>Les documents techniques, tels que les manuels, les fiches techniques et les brevets, n\u00e9cessitent des traducteurs qui poss\u00e8dent une expertise dans des secteurs sp\u00e9cifiques.<\/p>\n\n<p>Nos services de traduction technique fournissent des traductions pr\u00e9cises qui pr\u00e9servent l&rsquo;int\u00e9grit\u00e9 du contenu original, ce qui garantit ainsi que les instructions et les termes techniques ont clairement transmis.<\/p>\n\n<h3 class=\"wp-block-heading\">Traduction de documents m\u00e9dicaux<\/h3>\n\n<p>La traduction de documents m\u00e9dicaux est essentielle pour la s\u00e9curit\u00e9 des patients et le respect de la r\u00e8glementation.<\/p>\n\n<p>Nous traduisons des dossiers m\u00e9dicaux, des ordonnances, des essais cliniques et bien d&rsquo;autres documents et veillons \u00e0 la pr\u00e9cision tant sur le plan terminologique que contextuel.<\/p>\n\n<p>Nos traducteurs maitrisent les subtilit\u00e9s du langage m\u00e9dical et veillent \u00e0 ce que vos documents soient fiables et pr\u00e9cis.<\/p>\n\n<h2 class=\"wp-block-heading\">Services de SEO (r\u00e9f\u00e9rencement multilingue)<\/h2>\n\n<p>Pour toucher un public canadien plus large, il faut optimiser votre contenu en plusieurs langues.<\/p>\n\n<p>Les services de (SEO) de BeTranslated aident les entreprises \u00e0 am\u00e9liorer leur visibilit\u00e9 en ligne dans le paysage linguistique diversifi\u00e9 du Canada, notamment en <a href=\"https:\/\/www.betranslated.ca\/fr\/services-de-traduction-juridique-en-francais\/\">fran\u00e7ais<\/a>, en anglais et dans d\u2019autres langues couramment parl\u00e9es au Canada.<\/p>\n\n<p>Nous veillons \u00e0 ce que votre contenu soit non seulement traduit, mais \u00e9galement optimis\u00e9 pour les moteurs de recherche, afin de g\u00e9n\u00e9rer du trafic et de renforcer l&rsquo;engagement.<\/p>\n\n<h2 class=\"wp-block-heading\">Traduction de documents scientifiques<\/h2>\n\n<p>Les travaux de recherche scientifique et les documents sp\u00e9cialis\u00e9s n\u00e9cessitent des traductions pr\u00e9cises afin de garantir l&rsquo;exactitude des donn\u00e9es et des conclusions.<\/p>\n\n<p>Nos services de traduction scientifique couvrent les articles de recherche, les \u00e9tudes, les revues et bien plus encore, ce qui garantit une traduction fid\u00e8le du contenu sans en alt\u00e9rer l&rsquo;int\u00e9grit\u00e9 scientifique.<\/p>\n\n<h2 class=\"wp-block-heading\">Services d&rsquo;interpr\u00e9tation<\/h2>\n\n<p>Pour communiquer efficacement dans le contexte multiculturel du Canada, il est souvent n\u00e9cessaire de faire appel \u00e0 des services d&rsquo;interpr\u00e9tation professionnels.<\/p>\n\n<p>BeTranslated propose des services d&rsquo;interpr\u00e9tation pour les r\u00e9unions d&rsquo;affaires, les conf\u00e9rences, les proc\u00e9dures judiciaires et les consultations m\u00e9dicales.<\/p>\n\n<p>Nos interpr\u00e8tes maitrisent plusieurs langues et sont sp\u00e9cialis\u00e9s dans divers domaines, ce qui garantit ainsi une communication claire et pr\u00e9cise.<\/p>\n\n<h2 class=\"wp-block-heading\">Pourquoi choisir BeTranslated ?<\/h2>\n\n<ul class=\"wp-block-list\">\n<li><strong>Traducteurs agr\u00e9\u00e9s :<\/strong> nos traducteurs sont agr\u00e9\u00e9s et reconnus par les autorit\u00e9s canadiennes.<\/li>\n\n\n\n<li>D\u00e9lais d&rsquo;ex\u00e9cution rapides : nous proposons des services rapides et fiables pour respecter vos d\u00e9lais.<\/li>\n\n\n\n<li><strong>Confidentialit\u00e9 :<\/strong> nous accordons la priorit\u00e9 \u00e0 la s\u00e9curit\u00e9 et \u00e0 la confidentialit\u00e9 de vos documents.<\/li>\n\n\n\n<li><strong>Une gamme compl\u00e8te de services :<\/strong> du juridique au m\u00e9dical, nous prenons en charge tous les types de traductions de documents.<\/li>\n<\/ul>\n\n<h2 class=\"wp-block-heading\">D\u00e9marrez votre projet d\u00e8s maintenant<\/h2>\n\n<p>Contactez BeTranslated pour discuter de vos besoins en mati\u00e8re de traduction de documents et pour obtenir un devis gratuit.<\/p>\n\n<p>Que vous ayez besoin de traductions certifi\u00e9es, de traductions techniques ou de services d&rsquo;interpr\u00e9tation, nous sommes l\u00e0 pour vous proposer des solutions professionnelles et pr\u00e9cises.<\/p>\n\n<h2 class=\"wp-block-heading\">Foire aux questions (FAQ)<\/h2>\n\n<ol class=\"wp-block-list\">\n<li><strong>Qu&rsquo;est-ce qu&rsquo;une traduction certifi\u00e9e conforme ?<\/strong><br\/>Une traduction certifi\u00e9e conforme comprend une attestation du traducteur ou de l&rsquo;agence de traduction qui confirme que la traduction est fid\u00e8le et compl\u00e8te.<br\/>Elle est souvent exig\u00e9e pour les documents juridiques et officiels au Canada.<\/li>\n\n\n\n<li><strong>Combien de temps faut-il pour faire traduire un document ?<\/strong><br\/>Le d\u00e9lai d&rsquo;ex\u00e9cution varie en fonction de la longueur et de la complexit\u00e9 du document, mais nous proposons des services acc\u00e9l\u00e9r\u00e9s pour les demandes urgentes.<\/li>\n\n\n\n<li><strong>Vos traductions sont-elles reconnues par les autorit\u00e9s canadiennes ?<\/strong><br\/>Oui, nos traductions sont certifi\u00e9es et reconnues par divers organismes gouvernementaux et juridiques canadiens.<\/li>\n\n\n\n<li><strong>Quelles langues traduisez-vous ?<\/strong><br\/>Nous traduisons des documents depuis et vers de nombreuses langues, notamment le fran\u00e7ais, l&rsquo;anglais, l&rsquo;espagnol, le mandarin et bien d&rsquo;autres encore, couvrant ainsi toutes les principales langues parl\u00e9es au Canada.<\/li>\n\n\n\n<li><strong>Comment puis-je m&rsquo;assurer que mes documents restent confidentiels ?<\/strong><br\/>Nous respectons des accords de confidentialit\u00e9 stricts et utilisons des m\u00e9thodes s\u00e9curis\u00e9es pour traiter et stocker vos documents.<\/li>\n<\/ol>\n\n<p><strong>Contactez BeTranslated d\u00e8s maintenant <\/strong>pour vous assurer que vos documents seront traduits avec pr\u00e9cision et professionnalisme, dans le respect de toutes les normes et exigences canadiennes.<\/p>\n","protected":false},"excerpt":{"rendered":"<p>Assurez-vous que vos documents r\u00e9pondent aux exigences multilingues du Canada gr\u00e2ce aux services de traduction certifi\u00e9e de BeTranslated, qui garantissent une grande pr\u00e9cision dans les domaines du juridique, de l&rsquo;immigration et bien d&rsquo;autres encore.<\/p>\n","protected":false},"author":2,"featured_media":1079,"parent":0,"menu_order":0,"comment_status":"closed","ping_status":"closed","template":"","meta":{"_et_pb_use_builder":"off","_et_pb_old_content":"","_et_gb_content_width":"","footnotes":""},"dipi_cpt_category":[49],"class_list":["post-1082","page","type-page","status-publish","has-post-thumbnail","hentry","dipi_cpt_category-type-de-document"],"_links":{"self":[{"href":"https:\/\/www.betranslated.ca\/fr\/wp-json\/wp\/v2\/pages\/1082","targetHints":{"allow":["GET"]}}],"collection":[{"href":"https:\/\/www.betranslated.ca\/fr\/wp-json\/wp\/v2\/pages"}],"about":[{"href":"https:\/\/www.betranslated.ca\/fr\/wp-json\/wp\/v2\/types\/page"}],"author":[{"embeddable":true,"href":"https:\/\/www.betranslated.ca\/fr\/wp-json\/wp\/v2\/users\/2"}],"replies":[{"embeddable":true,"href":"https:\/\/www.betranslated.ca\/fr\/wp-json\/wp\/v2\/comments?post=1082"}],"version-history":[{"count":7,"href":"https:\/\/www.betranslated.ca\/fr\/wp-json\/wp\/v2\/pages\/1082\/revisions"}],"predecessor-version":[{"id":1244,"href":"https:\/\/www.betranslated.ca\/fr\/wp-json\/wp\/v2\/pages\/1082\/revisions\/1244"}],"wp:featuredmedia":[{"embeddable":true,"href":"https:\/\/www.betranslated.ca\/fr\/wp-json\/wp\/v2\/media\/1079"}],"wp:attachment":[{"href":"https:\/\/www.betranslated.ca\/fr\/wp-json\/wp\/v2\/media?parent=1082"}],"wp:term":[{"taxonomy":"dipi_cpt_category","embeddable":true,"href":"https:\/\/www.betranslated.ca\/fr\/wp-json\/wp\/v2\/dipi_cpt_category?post=1082"}],"curies":[{"name":"wp","href":"https:\/\/api.w.org\/{rel}","templated":true}]}}