{"id":1085,"date":"2024-08-17T13:57:17","date_gmt":"2024-08-17T13:57:17","guid":{"rendered":"https:\/\/www.betranslated.ca\/services-de-traduction-de-lile-du-prince-edouard\/"},"modified":"2026-04-21T10:27:57","modified_gmt":"2026-04-21T10:27:57","slug":"services-de-traduction-ile-du-prince-edouard","status":"publish","type":"page","link":"https:\/\/www.betranslated.ca\/fr\/services-de-traduction-ile-du-prince-edouard\/","title":{"rendered":"Services de traduction de l&rsquo;\u00cele-du-Prince-\u00c9douard"},"content":{"rendered":"\n<p>Au c\u0153ur du Canada atlantique, l&rsquo;\u00cele-du-Prince-\u00c9douard (\u00ce.-P.-\u00c9.) est un m\u00e9lange dynamique de cultures, de langues et d&rsquo;opportunit\u00e9s. <\/p>\n\n<p>\u00c0 mesure que la province se d\u00e9veloppe et se diversifie, le besoin de services de traduction pr\u00e9cis et adapt\u00e9s aux sp\u00e9cificit\u00e9s culturelles est primordial.<\/p>\n\n<p>Que vous soyez une entreprise en plein essor, un organisme gouvernemental au service d&rsquo;une population diversifi\u00e9e ou un particulier confront\u00e9 \u00e0 des questions personnelles importantes, une <strong>communication claire, au-del\u00e0 des barri\u00e8res<\/strong> linguistiques, est fondamentale. <\/p>\n\n<p>Nos services de traduction pour l&rsquo;\u00cele-du-Prince-\u00c9douard sont con\u00e7us pour r\u00e9pondre \u00e0 ces besoins sp\u00e9cifiques, en veillant \u00e0 ce que chaque mot transmette le sens voulu avec pr\u00e9cision et en tenant compte du contexte culturel.<\/p>\n\n<h2 class=\"wp-block-heading\" id=\"why-choose-our-translation-services-in-pei\">Pourquoi choisir nos services de traduction \u00e0 l&rsquo;\u00cele-du-Prince-\u00c9douard ?<\/h2>\n\n<p>La diversit\u00e9 culturelle et linguistique unique de l&rsquo;\u00cele-du-Prince-\u00c9douard n\u00e9cessite des services de traduction sp\u00e9cialis\u00e9s. Voici pourquoi nos services se distinguent : <\/p>\n\n<p>Nous sommes sp\u00e9cialis\u00e9s dans la traduction de documents <strong>juridiques, m\u00e9dicaux, techniques et commerciaux<\/strong>.<\/p>\n\n<p>Nos <strong>traductions certifi\u00e9es<\/strong> r\u00e9pondent aux normes strictes requises pour une utilisation juridique et administrative, garantissant ainsi que vos documents seront accept\u00e9s sans difficult\u00e9.<\/p>\n\n<p>Nous comprenons les <strong>nuances culturelles<\/strong> indispensables \u00e0 la r\u00e9alisation de traductions fid\u00e8les et respectueuses, en particulier pour les communaut\u00e9s diversifi\u00e9es de l&rsquo;\u00cele-du-Prince-\u00c9douard.<\/p>\n\n<p>Nous proposons des services <strong>rapides et fiables<\/strong> sans faire de compromis sur la qualit\u00e9, et nous respectons les d\u00e9lais serr\u00e9s des projets urgents.<\/p>\n\n<h2 class=\"wp-block-heading\" id=\"our-translation-services\">Nos services de traduction<\/h2>\n\n<p>Nous proposons une gamme compl\u00e8te de <a href=\"https:\/\/www.betranslated.ca\/fr\/services-de-traduction-au-canada\/\">services de traduction<\/a> afin de r\u00e9pondre aux divers besoins des habitants et des entreprises de l&rsquo;\u00cele-du-Prince-\u00c9douard :<\/p>\n\n<p><strong>Services de traduction juridique<\/strong><br\/>Des traductions fid\u00e8les de contrats, de documents judiciaires, de documents d&rsquo;immigration et bien plus encore, nous permettent d&rsquo;en garantir la pr\u00e9cision juridique et la conformit\u00e9.<\/p>\n\n<p><strong>Services de traduction m\u00e9dicale<\/strong><br\/>Traduction de dossiers m\u00e9dicaux, de renseignements sur les patients et de documents relatifs aux soins de sant\u00e9 afin de fournir des informations claires et pr\u00e9cises.<\/p>\n\n<p><strong>Services de traduction technique<\/strong><br\/>Traductions sp\u00e9cialis\u00e9es de manuels techniques, de fiches techniques et de documents d&rsquo;ing\u00e9nierie.<\/p>\n\n<p><strong>Services de traduction certifi\u00e9e<\/strong><br\/>Traductions certifi\u00e9es conformes pour les documents officiels tels que les actes de naissance, les relev\u00e9s de notes et les contrats juridiques.<\/p>\n\n<p><strong>Services de traduction commerciale<\/strong><br\/>Des supports marketing aux propositions commerciales, nous veillons \u00e0 ce que votre entreprise communique efficacement dans toutes les langues.<\/p>\n\n<p><strong>Services de r\u00e9f\u00e9rencement multilingue<\/strong><br\/>Optimisez votre pr\u00e9sence en ligne gr\u00e2ce \u00e0 des strat\u00e9gies de r\u00e9f\u00e9rencement multilingue qui vous permettent de toucher un public plus large \u00e0 l&rsquo;\u00cele-du-Prince-\u00c9douard et au-del\u00e0.<\/p>\n\n<p><strong>Services d&rsquo;interpr\u00e9tation<\/strong><br\/>Interpr\u00e9tation professionnelle pour les r\u00e9unions, les conf\u00e9rences, les consultations m\u00e9dicales et les proc\u00e9dures judiciaires, ce qui garantit une communication efficace en temps r\u00e9el.<\/p>\n\n<h2 class=\"wp-block-heading\" id=\"who-can-benefit-from-our-services\">\u00c0 qui s&rsquo;adressent nos services ?<\/h2>\n\n<p>Nos services de traduction \u00e0 l&rsquo;\u00cele-du-Prince-\u00c9douard sont parfaits pour :<\/p>\n\n<p>Les <strong>entreprises<\/strong> qui \u00e9tendent leur pr\u00e9sence sur les march\u00e9s internationaux ou qui s&rsquo;adressent \u00e0 une client\u00e8le non anglophone \u00e0 l&rsquo;\u00cele-du-Prince-\u00c9douard.<\/p>\n\n<p>Les <strong>organismes publics<\/strong> doivent proposer une assistance multilingue afin de garantir \u00e0 tous les habitants l&rsquo;acc\u00e8s aux services essentiels.<\/p>\n\n<p>Les <strong>professionnels de sant\u00e9<\/strong> qui ont besoin de traductions pr\u00e9cises pour communiquer avec leurs patients, pour les dossiers m\u00e9dicaux, etc.<\/p>\n\n<p>Les <strong>professionnels du droit<\/strong> qui ont besoin de traductions pr\u00e9cises pour des documents juridiques et des proc\u00e9dures judiciaires.<\/p>\n\n<p><strong>Les \u00e9tablissements d&rsquo;enseignement<\/strong> qui accompagnent les \u00e9tudiants et le personnel issus de milieux linguistiques divers.<\/p>\n\n<p>Les <strong>personnes<\/strong> qui ont besoin de traductions pour des documents personnels, \u00e0 des fins d&rsquo;immigration ou pour r\u00e9pondre \u00e0 d&rsquo;autres exigences l\u00e9gales.<\/p>\n\n<h2 class=\"wp-block-heading\" id=\"why-prince-edward-island-needs-quality-translation-services\">Pourquoi l&rsquo;\u00cele-du-Prince-\u00c9douard a besoin de services de traduction de qualit\u00e9<\/h2>\n\n<p>L&rsquo;\u00cele-du-Prince-\u00c9douard abrite une <strong>population multiculturelle<\/strong> en pleine croissance et un milieu des affaires dynamique. Des services de traduction de qualit\u00e9 sont indispensables pour : <\/p>\n\n<p>Garantir l&rsquo;<strong>inclusivit\u00e9 dans les services publics<\/strong>, afin de permettre aux r\u00e9sidents qui ne parlent pas anglais d&rsquo;acc\u00e9der aux informations essentielles et \u00e0 l&rsquo;aide dont ils ont besoin.<\/p>\n\n<p>Aider les entreprises \u00e0 <strong>\u00e9tendre leur champ d&rsquo;action<\/strong> en communiquant efficacement avec leurs clients et partenaires internationaux. D\u00e9couvrez-en davantage sur le <a href=\"https:\/\/www.betranslated.ca\/canadian-companies-internationalisation-process\/\">processus d&rsquo;internationalisation des entreprises canadiennes<\/a>. <\/p>\n\n<p>Proposer des <strong>soins de sant\u00e9 de qualit\u00e9<\/strong> tout en s&rsquo;assurant que tous les patients comprennent leurs options th\u00e9rapeutiques et les informations m\u00e9dicales qui leur sont destin\u00e9es.<\/p>\n\n<p>Veiller \u00e0 l&rsquo;<strong>int\u00e9grit\u00e9 des proc\u00e9dures juridiques<\/strong> pour que les documents soient fid\u00e8lement reproduits dans plusieurs langues.<\/p>\n\n<h2 class=\"wp-block-heading\" id=\"contact-us-for-your-translation-needs-in-pei\">Contactez-nous pour tous vos besoins en traduction \u00e0 l&rsquo;\u00cele-du-Prince-\u00c9douard<\/h2>\n\n<p>Vous avez besoin de <strong>services de traduction professionnels<\/strong> \u00e0 l&rsquo;\u00cele-du-Prince-\u00c9douard ? Notre \u00e9quipe de traducteurs professionnels est l\u00e0 pour vous proposer des solutions de traduction pr\u00e9cises, fiables et adapt\u00e9es \u00e0 la culture locale, sur mesure pour r\u00e9pondre \u00e0 vos besoins. <\/p>\n\n<p>Que vous soyez une entreprise, un organisme public ou un particulier, nous disposons de l&rsquo;expertise n\u00e9cessaire pour r\u00e9pondre \u00e0 tous vos besoins en mati\u00e8re de traduction.<\/p>\n\n<p>Contactez-nous d\u00e8s aujourd&rsquo;hui pour nous faire part de vos besoins sp\u00e9cifiques et recevoir un devis personnalis\u00e9. Vous pouvez nous joindre par e-mail ou <a href=\"https:\/\/www.betranslated.ca\/fr\/devis-de-traduction\/\">en remplissant le formulaire disponible sur notre site web<\/a>. <\/p>\n\n<p>Laissez-nous vous aider \u00e0 communiquer efficacement et en toute confiance, quelle que soit la langue. Faites confiance \u00e0 nos traducteurs experts pour vous offrir la pr\u00e9cision et le professionnalisme dont vous avez besoin. <\/p>\n\n<p>Contactez-nous d\u00e8s maintenant et avancez vers une communication claire et pr\u00e9cise.<\/p>\n","protected":false},"excerpt":{"rendered":"<p>BeTranslated propose des services de traduction et d&rsquo;interpr\u00e9tation pr\u00e9cis et adapt\u00e9s \u00e0 la culture locale aux particuliers et aux organisations de l&rsquo;\u00cele-du-Prince-\u00c9douard, couvrant les domaines juridique, m\u00e9dical et de r\u00e9f\u00e9rencement naturel.<\/p>\n<p>\ud83d\udce9 Contactez-nous d\u00e8s aujourd&rsquo;hui pour lancer votre projet !<\/p>\n","protected":false},"author":2,"featured_media":1084,"parent":0,"menu_order":0,"comment_status":"closed","ping_status":"closed","template":"","meta":{"_et_pb_use_builder":"","_et_pb_old_content":"","_et_gb_content_width":"","footnotes":""},"dipi_cpt_category":[47],"class_list":["post-1085","page","type-page","status-publish","has-post-thumbnail","hentry","dipi_cpt_category-region"],"_links":{"self":[{"href":"https:\/\/www.betranslated.ca\/fr\/wp-json\/wp\/v2\/pages\/1085","targetHints":{"allow":["GET"]}}],"collection":[{"href":"https:\/\/www.betranslated.ca\/fr\/wp-json\/wp\/v2\/pages"}],"about":[{"href":"https:\/\/www.betranslated.ca\/fr\/wp-json\/wp\/v2\/types\/page"}],"author":[{"embeddable":true,"href":"https:\/\/www.betranslated.ca\/fr\/wp-json\/wp\/v2\/users\/2"}],"replies":[{"embeddable":true,"href":"https:\/\/www.betranslated.ca\/fr\/wp-json\/wp\/v2\/comments?post=1085"}],"version-history":[{"count":10,"href":"https:\/\/www.betranslated.ca\/fr\/wp-json\/wp\/v2\/pages\/1085\/revisions"}],"predecessor-version":[{"id":1322,"href":"https:\/\/www.betranslated.ca\/fr\/wp-json\/wp\/v2\/pages\/1085\/revisions\/1322"}],"wp:featuredmedia":[{"embeddable":true,"href":"https:\/\/www.betranslated.ca\/fr\/wp-json\/wp\/v2\/media\/1084"}],"wp:attachment":[{"href":"https:\/\/www.betranslated.ca\/fr\/wp-json\/wp\/v2\/media?parent=1085"}],"wp:term":[{"taxonomy":"dipi_cpt_category","embeddable":true,"href":"https:\/\/www.betranslated.ca\/fr\/wp-json\/wp\/v2\/dipi_cpt_category?post=1085"}],"curies":[{"name":"wp","href":"https:\/\/api.w.org\/{rel}","templated":true}]}}