{"id":1094,"date":"2024-08-17T13:59:10","date_gmt":"2024-08-17T13:59:10","guid":{"rendered":"https:\/\/www.betranslated.ca\/services-de-traduction-au-nouveau-brunswick\/"},"modified":"2026-04-07T09:23:29","modified_gmt":"2026-04-07T09:23:29","slug":"services-de-traduction-nouveau-brunswick","status":"publish","type":"page","link":"https:\/\/www.betranslated.ca\/fr\/services-de-traduction-nouveau-brunswick\/","title":{"rendered":"Services de traduction au Nouveau-Brunswick"},"content":{"rendered":"\n<p>Le Nouveau-Brunswick est la seule province officiellement bilingue du Canada o\u00f9 la diversit\u00e9 linguistique est encr\u00e9e dans son identit\u00e9.<\/p>\n\n<p>Une entreprise qui cherche \u00e0 se d\u00e9velopper sur de nouveaux march\u00e9s, un organisme gouvernemental au service d&rsquo;une communaut\u00e9 bilingue, ou d&rsquo;un particulier ayant besoin de traduction de documents, BeTranslated vous \u00e9paule pour des services de traduction de qualit\u00e9 afin de briser les cha\u00eenes linguistiques et favoriser la communication \u00e0 travers la province.<\/p>\n\n<h2 class=\"wp-block-heading\" id=\"why-choose-our-translation-services-in-new-brunswick\">Pourquoi choisir nos services de traduction ?<\/h2>\n\n<p>Dans une province o\u00f9 l&rsquo;anglais et le fran\u00e7ais coexiste aux c\u00f4t\u00e9s d&rsquo;autres langues, des services de traduction pr\u00e9cis et fiables sont essentiels.<\/p>\n\n<p>BeTranslated est le partenaire dont vous avez besoin en terme de :<\/p>\n\n<ul class=\"wp-block-list\">\n<li><p><strong>Expertise bilingue :<\/strong> notre \u00e9quipe de traducteurs certifi\u00e9s et natifs en anglais et en fran\u00e7ais vous assure une communication pr\u00e9cise et culturellement adapt\u00e9e dans les deux langues officielles.<\/p><\/li>\n\n\n\n<li><p><strong>Connaissances propres au secteur d&rsquo;activit\u00e9 :<\/strong> nous sommes sp\u00e9cialis\u00e9s dans les traductions juridiques, m\u00e9dicales, techniques ainsi que dans les documents professionnels et nous vous proposons des traductions qui r\u00e9pondent aux besoins sp\u00e9cifiques de votre secteur d&rsquo;activit\u00e9.<\/p><\/li>\n\n\n\n<li><p><strong>Service rapide et fiable :<\/strong> BeTranslated accompagne vos traductions les plus pr\u00e9pond\u00e9rantes gr\u00e2ce \u00e0 une communication en temps voulu. Notre \u00e9quipe vous propose des traductions de qualit\u00e9 sans d\u00e9lai, qui r\u00e9pondent aux \u00e9ch\u00e9ances urgentes sans jamais compromettre la qualit\u00e9 de vos projets. <\/p><\/li>\n\n\n\n<li><p><strong>Services personnalis\u00e9s :<\/strong> traduction de document unique ou accompagnement multilingue en continu, nous proposons des services personnalis\u00e9s adapt\u00e9s \u00e0 vos exigences.<\/p><\/li>\n<\/ul>\n\n<h2 class=\"wp-block-heading\" id=\"comprehensive-translation-services-for-new-brunswick\">Services complets de traduction au Nouveau-Brunswick<\/h2>\n\n<p>BeTranslated propose un large \u00e9ventail de services de traduction qui r\u00e9pondent aux besoins diverses des entreprises, organismes gouvernementaux et particuliers au Nouveau-Brunswick.<\/p>\n\n<h2 class=\"wp-block-heading\" id=\"business-translation-services\"><strong>Services de traduction pour professionnels<\/strong><\/h2>\n\n<p>Dans les centres \u00e9conomiques de Fredericton, Moncton et Saint John, une communication claire pour le succ\u00e8s des entreprises.<\/p>\n\n<p>BeTranslated propose des services professionnels et complets de traduction :<\/p>\n\n<ul class=\"wp-block-list\">\n<li><p><strong>Traduction de documents :<\/strong> nous traduisons vos contrats, propositions commerciales, supports marketing et bien plus encore en veillant \u00e0 ce qu&rsquo;ils soient clairs, fiables et professionnels.<\/p><\/li>\n\n\n\n<li><p><strong>Localisation de site web :<\/strong> am\u00e9liorez votre expansion sur les march\u00e9s pour adapter votre site web en anglais, en fran\u00e7ais ou dans d&rsquo;autres langues, afin de renforcer vos liens avec vos clients locaux ou internationaux.<\/p><\/li>\n\n\n\n<li><p><strong>Traductions techniques :<\/strong> nos experts s\u2019occupent de traductions sp\u00e9cialis\u00e9es de documents techniques, tels que des manuels, des descriptions de produits et des consignes de s\u00e9curit\u00e9, essentielles pour des secteurs comme l\u2019industrie manufacturi\u00e8re, le secteur technologique et celui de l\u2019\u00e9nergie.<\/p><\/li>\n<\/ul>\n\n<h2 class=\"wp-block-heading\" id=\"certified-translation-services\"><strong>Des traduction certifi\u00e9es<\/strong><\/h2>\n\n<p>Concernant les documents juridiques et officiels, la pr\u00e9cision est primordiale. <\/p>\n\n<p>BeTranslated propose des services de traduction certifi\u00e9s qui r\u00e9pondent aux exigences juridiques et r\u00e8glementaires accept\u00e9es par le tribunal, les organismes gouvernementaux et autres institutions officielles.<\/p>\n\n<p>Nos traducteurs certifi\u00e9s maitrisent un large \u00e9ventail de domaine : de traduction fiables de contrats juridiques, de documents sur l&rsquo;immigration, de relev\u00e9s de notes et bien plus encore.<\/p>\n\n<h2 class=\"wp-block-heading\" id=\"medical-translation-services\"><strong>Services de traduction m\u00e9dicale<\/strong><\/h2>\n\n<p>Dans le secteur de la sant\u00e9 du Nouveau-Brunswick, une communication claire est essentielle pour assurer la qualit\u00e9 des soins et la s\u00e9curit\u00e9 des patients.<\/p>\n\n<p>BeTranslated propose des services de traduction m\u00e9dicale sp\u00e9cialis\u00e9e afin de garantir une communication efficace entre les professionnels de sant\u00e9, les patients et les \u00e9tablissements m\u00e9dicaux.<\/p>\n\n<p>Nous traduisons des dossiers m\u00e9dicaux, des renseignements sur les patients, formulaires de consentement et bien plus encore, avec une pr\u00e9cision et une confidentialit\u00e9 plus que n\u00e9cessaire dans le secteur m\u00e9dical.<\/p>\n\n<h2 class=\"wp-block-heading\" id=\"public-sector-and-government-translation-services\"><strong>Traductions destin\u00e9es aux administrations gouvernementales et au secteur public<\/strong><\/h2>\n\n<p>Les organismes gouvernementaux et le secteur public du Nouveau-Brunswick s&rsquo;adressent \u00e0 une population bilingue, d&rsquo;o\u00f9 la n\u00e9cessit\u00e9 de traductions pr\u00e9cises.<\/p>\n\n<p>BeTranslated collabore avec les organismes gouvernementaux pour assurer la traduction des communiqu\u00e9s officiels, des documents de politique, des textes juridiques et bien plus encore.<\/p>\n\n<p>Nous garantissons \u00e0 tous les r\u00e9sidents, quelle que soit leur langue, un acc\u00e8s \u00e9quitable aux informations et services essentiels afin de favoriser l&rsquo;inclusivit\u00e9 et l&rsquo;engagement civique.<\/p>\n\n<h2 class=\"wp-block-heading\" id=\"personal-document-translation-services\"><strong>Traductions de documents personnels<\/strong><\/h2>\n\n<p>Les particuliers qui r\u00e9sident au Nouveau-Brunswick n\u00e9cessitent r\u00e9guli\u00e8rement des traductions de documents personnels tels que :<\/p>\n\n<ul class=\"wp-block-list\">\n<li><strong>Extraits de naissance<\/strong><\/li>\n\n\n\n<li><strong>Licences de mariage<\/strong><\/li>\n\n\n\n<li><strong>Relev\u00e9s de notes<\/strong><\/li>\n\n\n\n<li><strong>Documents sur l&rsquo;immigration<\/strong><\/li>\n<\/ul>\n\n<p>BeTranslated propose des traductions pr\u00e9cises et fiables pour chacun de ces documents ou autres documents personnels, reconnues et accept\u00e9es par les autorit\u00e9s judiciaires et gouvernementales.<\/p>\n\n<p>Nos services vous garantissent aussi bien des traductions pr\u00e9cises que culturellement adapt\u00e9es.<\/p>\n\n<h2 class=\"wp-block-heading\" id=\"why-new-brunswick-needs-professional-translation-services\">Pourquoi le Nouveau-Brunswick a besoin de services de traduction professionnels<\/h2>\n\n<p>Les services de traduction professionnels sont essentiels pour l&rsquo;environnement bilingue unique et les communaut\u00e9s multiculturelles croissantes de la province. <br\/>Ils sont essentiels pour :<\/p>\n\n<ul class=\"wp-block-list\">\n<li><p><strong>Favoriser la croissance des entreprises :<\/strong> la pr\u00e9cision des traductions est essentielle lorsque les entreprises du Nouveau-Brunswick \u00e9tendent leur march\u00e9 \u00e0 l&rsquo;international car cela permet d&rsquo;\u00e9tablir des relations solides et de garantir le succ\u00e8s des activit\u00e9s commerciales.<\/p><\/li>\n\n\n\n<li><p><strong>Promouvoir l&rsquo;inclusivit\u00e9 :<\/strong> des services publics bilingues qui assurent que tous les r\u00e9sidents, quelle que soit leur langue, aient acc\u00e8s aux informations et ressources essentielles, favorisant ainsi une soci\u00e9t\u00e9 plus inclusive.<\/p><\/li>\n\n\n\n<li><p><strong>Am\u00e9liorer les soins de sant\u00e9 : <\/strong>des traduction m\u00e9dicales pr\u00e9cises sont essentielles pour assurer la qualit\u00e9 des soins des patients, permettant aux professionnels de sant\u00e9 de fournir un meileure service et de communiquer clairement.<\/p><\/li>\n\n\n\n<li><p><strong>Garantir la conformit\u00e9 juridique :<\/strong> les traductions certifi\u00e9es de documents juridiques sont essentielles pour une conformit\u00e9 des normes juridiques de la province canadienne afin d&rsquo;\u00e9viter des erreurs et d\u00e9lais qui pourraient vous co\u00fbter cher.<\/p><\/li>\n<\/ul>\n\n<h2 class=\"wp-block-heading\" id=\"partner-with-betranslated-for-expert-translation-services\"> Collaborez avec BeTranslated pour des traductions sp\u00e9cialis\u00e9es <\/h2>\n\n<p>BeTranslated est le partenaire qu&rsquo;il vous faut pour des services de traduction professionnelle dans le Nouveau-Brunswick.<\/p>\n\n<p>Nous allions expertise et connaissance approfondie de la diversit\u00e9 linguistique et culturelle afin de fournir des services pr\u00e9cis, fiable et culturellement adapt\u00e9s.<\/p>\n\n<h2 class=\"wp-block-heading\" id=\"get-started-today\"><strong>D\u00e9marrez votre projet d\u00e8s maintenant<\/strong><\/h2>\n\n<p>Ne laissez pas la barri\u00e8re de la langue vous limiter.<\/p>\n\n<p><a href=\"https:\/\/www.betranslated.ca\/fr\/devis-de-traduction\/\" data-type=\"link\" data-id=\"https:\/\/www.betranslated.ca\/quote\/\">Contactez BeTranslated d\u00e8s maintenant afin de discuter de vos futurs projets de traduction<\/a><\/p>\n\n<p>Que vous soyez une entreprise \u00e0 Moncton, un organisme gouvernemental \u00e0 Fredericton ou un particulier \u00e0 Saint John, nous avons l&rsquo;expertise n\u00e9cessaire pour vous mener au succ\u00e8s.<\/p>\n\n<p>Acc\u00e9dez \u00e0 un devis personnalis\u00e9 par mail ou \u00e0 travers notre formulaire.<\/p>\n\n<p>Notre \u00e9quipe est engag\u00e9e et vous garantit des traductions professionnelles et des services d&rsquo;interpr\u00e9tation qui r\u00e9pondent \u00e0 vos besoins et assure ainsi une communication efficace quelle que soit la langue souhait\u00e9e.<\/p>\n\n<h2 class=\"wp-block-heading\" id=\"why-choose-betranslated\"><strong>Pourquoi choisir BeTranslated ?<\/strong><\/h2>\n\n<ul class=\"wp-block-list\">\n<li><strong>Pr\u00e9cision :<\/strong> nous proposons des traductions pr\u00e9cises et adapt\u00e9es \u00e0 vos exigences linguistiques et sectorielles.<\/li>\n\n\n\n<li>Fiabilit\u00e9 : si vous souhaitez un service de qualit\u00e9 toujours livr\u00e9 \u00e0 temps pour vos projets aux d\u00e9lais serr\u00e9s, faites confiance \u00e0 BeTranslated.<\/li>\n\n\n\n<li><strong>Pertinence culturelle :<\/strong> nos traducteurs experts vous accompagnent \u00e0 travers les subtilit\u00e9s culturelles propres \u00e0 l&rsquo;anglais et au fran\u00e7ais, afin d&rsquo;assurer une traduction adapt\u00e9e \u00e0 votre public cible.<\/li>\n<\/ul>\n\n<h2 class=\"wp-block-heading\" id=\"contact-us-today\"><strong>Contactez nous d\u00e8s maintenant<\/strong><\/h2>\n\n<p>Faites le premier pas vers une communication claire et percutante.<\/p>\n\n<p>Laissez BeTranslated vous aider \u00e0 briser les cha\u00eenes linguistiques et cr\u00e9er de nouvelles opportunit\u00e9s.<\/p>\n\n<p>Contactez-nous afin d&rsquo;en savoir plus sur les services de traduction au Nouveau-Brunswick.<\/p>\n\n<p>Ensemble, nous pouvons faire du Nouveau-Brunswick une province plus connect\u00e9e, inclusive et prosp\u00e8re.<\/p>\n","protected":false},"excerpt":{"rendered":"<p>BeTranslated \u00e9paule les entreprises et particuliers au Nouveau-Brunswick et propose des services de traduction bilingues pour des projets m\u00e9dicaux, d&rsquo;interpr\u00e9tation et de r\u00e9f\u00e9rencement naturel en veillant \u00e0 la pr\u00e9cision et \u00e0 la pertinence culturelle de vos projets.<\/p>\n<p>\ud83d\udce9 Contactez-nous d\u00e8s maintenant et d\u00e9marrez votre projet !<\/p>\n","protected":false},"author":2,"featured_media":1062,"parent":0,"menu_order":0,"comment_status":"closed","ping_status":"closed","template":"","meta":{"_et_pb_use_builder":"","_et_pb_old_content":"","_et_gb_content_width":"","footnotes":""},"dipi_cpt_category":[47],"class_list":["post-1094","page","type-page","status-publish","has-post-thumbnail","hentry","dipi_cpt_category-region"],"_links":{"self":[{"href":"https:\/\/www.betranslated.ca\/fr\/wp-json\/wp\/v2\/pages\/1094","targetHints":{"allow":["GET"]}}],"collection":[{"href":"https:\/\/www.betranslated.ca\/fr\/wp-json\/wp\/v2\/pages"}],"about":[{"href":"https:\/\/www.betranslated.ca\/fr\/wp-json\/wp\/v2\/types\/page"}],"author":[{"embeddable":true,"href":"https:\/\/www.betranslated.ca\/fr\/wp-json\/wp\/v2\/users\/2"}],"replies":[{"embeddable":true,"href":"https:\/\/www.betranslated.ca\/fr\/wp-json\/wp\/v2\/comments?post=1094"}],"version-history":[{"count":7,"href":"https:\/\/www.betranslated.ca\/fr\/wp-json\/wp\/v2\/pages\/1094\/revisions"}],"predecessor-version":[{"id":1233,"href":"https:\/\/www.betranslated.ca\/fr\/wp-json\/wp\/v2\/pages\/1094\/revisions\/1233"}],"wp:featuredmedia":[{"embeddable":true,"href":"https:\/\/www.betranslated.ca\/fr\/wp-json\/wp\/v2\/media\/1062"}],"wp:attachment":[{"href":"https:\/\/www.betranslated.ca\/fr\/wp-json\/wp\/v2\/media?parent=1094"}],"wp:term":[{"taxonomy":"dipi_cpt_category","embeddable":true,"href":"https:\/\/www.betranslated.ca\/fr\/wp-json\/wp\/v2\/dipi_cpt_category?post=1094"}],"curies":[{"name":"wp","href":"https:\/\/api.w.org\/{rel}","templated":true}]}}