{"id":1114,"date":"2024-08-17T13:57:21","date_gmt":"2024-08-17T13:57:21","guid":{"rendered":"https:\/\/www.betranslated.ca\/services-de-traduction-en-saskatchewan\/"},"modified":"2026-04-21T10:22:45","modified_gmt":"2026-04-21T10:22:45","slug":"services-de-traduction-saskatchewan","status":"publish","type":"page","link":"https:\/\/www.betranslated.ca\/fr\/services-de-traduction-saskatchewan\/","title":{"rendered":"Services de traduction en Saskatchewan"},"content":{"rendered":"\n<p>L&rsquo;environnement multiculturel dynamique de la Saskatchewan et ses secteurs en plein essor ont g\u00e9n\u00e9r\u00e9 une demande sans pr\u00e9c\u00e9dent en services de traduction sp\u00e9cialis\u00e9s.<\/p>\n\n\n\n<p>Dans un monde connect\u00e9 comme le n\u00f4tre, une communication multilingue fluide est devenue incontournable.<\/p>\n\n\n\n<h2 class=\"wp-block-heading\">L&rsquo;int\u00e9r\u00eat des services de traduction en Saskatchewan<\/h2>\n\n\n\n<p>Le tissu culturel unique de la Saskatchewan exige bien plus qu&rsquo;une simple traduction : il requiert une compr\u00e9hension culturelle et une grande pr\u00e9cision.<\/p>\n\n\n\n<p>La Saskatchewan puise sa richesse dans sa diversit\u00e9 linguistique, port\u00e9e par ses communaut\u00e9s autochtones et ses populations de nouveaux arrivants en constante croissance. Que ce soit \u00e0 Saskatoon, Regina ou Prince Albert, des traductions pr\u00e9cises s&rsquo;av\u00e8rent indispensables dans tous les domaines de la vie quotidienne, des consultations m\u00e9dicales aux proc\u00e9dures judiciaires. <\/p>\n\n\n\n<p>Les secteurs phares de notre province (l&rsquo;agriculture, l&rsquo;exploitation mini\u00e8re et les technologies de pointe) ont besoin de traductions de qualit\u00e9 pour nouer des partenariats internationaux fructueux. Qu&rsquo;il s&rsquo;agisse des entreprises innovantes de Swift Current ou des leaders du secteur de Moose Jaw, une communication pr\u00e9cise est la cl\u00e9 du succ\u00e8s \u00e0 l&rsquo;international. <\/p>\n\n\n\n<p>Tous les niveaux de pouvoir ont besoin de traductions professionnelles pour garantir que les services essentiels soient accessibles \u00e0 tous les habitants, rendant ainsi v\u00e9ritablement accessibles les informations sur la sant\u00e9, les ressources juridiques et les programmes publics.<\/p>\n\n\n\n<h2 class=\"wp-block-heading\">Des traduction certifi\u00e9es<\/h2>\n\n\n\n<p>En ce qui concerne les documents officiels en Saskatchewan, les traductions certifi\u00e9es sont indispensables.<\/p>\n\n\n\n<p>Qu&rsquo;il s&rsquo;agisse d&rsquo;actes d&rsquo;\u00e9tat civil ou de contrats juridiques, nos traductions certifi\u00e9es r\u00e9pondent aux normes les plus strictes en mati\u00e8re de reconnaissance administrative et juridique.<\/p>\n\n\n\n<h2 class=\"wp-block-heading\">De l&rsquo;interp\u00e9tation<\/h2>\n\n\n\n<p>Nos interpr\u00e8tes sp\u00e9cialis\u00e9s facilitent les \u00e9changes cruciaux dans les domaines suivants :<\/p>\n\n\n\n<ul class=\"wp-block-list\">\n<li>Consultations m\u00e9dicales qui changent la vie<\/li>\n\n\n\n<li>N\u00e9gociations commerciales \u00e0 enjeux \u00e9lev\u00e9s<\/li>\n\n\n\n<li>Proc\u00e9dures judiciaires importantes<\/li>\n<\/ul>\n\n\n\n<h2 class=\"wp-block-heading\">Services de traduction indispensables pour les entreprises de la Saskatchewan<\/h2>\n\n\n\n<p>D\u00e9veloppez votre entreprise \u00e0 internationale gr\u00e2ce \u00e0 des traductions professionnelles, o\u00f9 chaque mot compte. Qu&rsquo;il s&rsquo;agisse de supports marketing percutants ou de sites web conviviaux, nous vous aidons \u00e0 communiquer avec vos clients dans leur langue. <\/p>\n\n\n\n<p>Pour les secteurs agricole et minier de la Saskatchewan, nous fournissons des traductions techniques pr\u00e9cises dans les domaines suivants :<\/p>\n\n\n\n<ul class=\"wp-block-list\">\n<li>Documentation technique complexe<\/li>\n\n\n\n<li>Protocoles de s\u00e9curit\u00e9 essentiels<\/li>\n\n\n\n<li>Caract\u00e9ristiques techniques d\u00e9taill\u00e9es du produit<\/li>\n<\/ul>\n\n\n\n<h2 class=\"wp-block-heading\">Solutions de traduction sur mesure pour les habitants de la Saskatchewan<\/h2>\n\n\n\n<p>Nos services de traduction personnalis\u00e9s couvrent tous vos documents essentiels :<\/p>\n\n\n\n<ul class=\"wp-block-list\">\n<li>Actes de naissance et documents d&rsquo;identit\u00e9<\/li>\n\n\n\n<li>Actes de mariage et d&rsquo;\u00e9tat civil<\/li>\n\n\n\n<li>Parcours scolaire<\/li>\n<\/ul>\n\n\n\n<p>Vous pouvez compter sur nos interpr\u00e8tes pour combler les lacunes de communication dans les domaines de la sant\u00e9, du droit et de l&rsquo;\u00e9ducation, en veillant \u00e0 ce que rien ne se perde dans la traduction.<\/p>\n\n\n\n<p>Nos services de traduction culturelle sp\u00e9cialis\u00e9s pr\u00e9servent et mettent en valeur la richesse du patrimoine autochtone tout en favorisant l&rsquo;int\u00e9gration des nouveaux arrivants.<\/p>\n\n\n\n<h2 class=\"wp-block-heading\">Le pouvoir de la traduction professionnelle<\/h2>\n\n\n\n<p>Pour les entreprises, des traductions pr\u00e9cises renforcent la confiance et ouvrent de nouveaux march\u00e9s.<\/p>\n\n\n\n<p>Ressentez la diff\u00e9rence avec des services con\u00e7us pour :<\/p>\n\n\n\n<ul class=\"wp-block-list\">\n<li>Proc\u00e9dures d&rsquo;immigration simplifi\u00e9es<\/li>\n\n\n\n<li>Meilleures possibilit\u00e9s de formation<\/li>\n\n\n\n<li>Protection juridique compl\u00e8te<\/li>\n<\/ul>\n\n\n\n<p>Dans le secteur de la sant\u00e9, nos traductions pr\u00e9cises garantissent la qualit\u00e9 des soins prodigu\u00e9s. Ensemble, nous contribuons \u00e0 renforcer les liens au sein des communaut\u00e9s de la Saskatchewan. <\/p>\n\n\n\n<p>D\u00e9couvrez notre expertise en traduction dans d&rsquo;autres provinces : l&rsquo;<a href=\"https:\/\/www.betranslated.ca\/fr\/services-de-traduction-alberta\/\" data-type=\"page\" data-id=\"1037\">Alberta<\/a>, le Manitoba et l&rsquo;<a href=\"https:\/\/www.betranslated.ca\/fr\/services-de-traduction-ontario\/\" data-type=\"page\" data-id=\"1010\">Ontario<\/a>.<\/p>\n\n\n\n<p>Pr\u00eat \u00e0 faire passer votre communication internationale au niveau sup\u00e9rieur ? Rendez-vous sur notre <a href=\"https:\/\/www.betranslated.ca\/fr\/devis-de-traduction\/\" data-type=\"page\" data-id=\"1022\">page de devis<\/a> pour commencer.<\/p>\n","protected":false},"excerpt":{"rendered":"<p>BeTranslated accompagne ses clients dans toute la Saskatchewan, en proposant des services de traduction sp\u00e9cialis\u00e9e dans les domaines m\u00e9dical et juridique, ainsi que des prestations d&rsquo;interpr\u00e9tation et de services de traduction orient\u00e9s en SEO destin\u00e9s aux entreprises et aux particuliers. Communiquez \u00e0 l&rsquo;international en toute confiance. <\/p>\n<p>\ud83d\udce9 Contactez-nous d\u00e8s aujourd&rsquo;hui pour obtenir des solutions sur mesure !<\/p>\n","protected":false},"author":2,"featured_media":1113,"parent":0,"menu_order":3,"comment_status":"closed","ping_status":"closed","template":"","meta":{"_et_pb_use_builder":"","_et_pb_old_content":"<!-- wp:paragraph {\"translatedWithWPMLTM\":\"1\"} -->\n<p>L'environnement multiculturel dynamique de la Saskatchewan et ses secteurs en plein essor ont g\u00e9n\u00e9r\u00e9 une demande sans pr\u00e9c\u00e9dent en services de traduction sp\u00e9cialis\u00e9s.<\/p>\n<!-- \/wp:paragraph --><!-- wp:paragraph {\"translatedWithWPMLTM\":\"1\"} -->\n<p>Dans un monde connect\u00e9 comme le n\u00f4tre, une communication multilingue fluide est devenue incontournable.<\/p>\n<!-- \/wp:paragraph --><!-- wp:heading {\"translatedWithWPMLTM\":\"1\"} -->\n<h2 class=\"wp-block-heading\">L'int\u00e9r\u00eat des services de traduction en Saskatchewan<\/h2>\n<!-- \/wp:heading --><!-- wp:paragraph {\"translatedWithWPMLTM\":\"1\"} -->\n<p>Le tissu culturel unique de la Saskatchewan exige bien plus qu'une simple traduction : il requiert une compr\u00e9hension culturelle et une grande pr\u00e9cision.<\/p>\n<!-- \/wp:paragraph --><!-- wp:paragraph {\"translatedWithWPMLTM\":\"1\"} -->\n<p>La Saskatchewan puise sa richesse dans sa diversit\u00e9 linguistique, port\u00e9e par ses communaut\u00e9s autochtones et ses populations de nouveaux arrivants en constante croissance. Que ce soit \u00e0 Saskatoon, Regina ou Prince Albert, des traductions pr\u00e9cises s'av\u00e8rent indispensables dans tous les domaines de la vie quotidienne, des consultations m\u00e9dicales aux proc\u00e9dures judiciaires. <\/p>\n<!-- \/wp:paragraph --><!-- wp:paragraph {\"translatedWithWPMLTM\":\"1\"} -->\n<p>Les secteurs phares de notre province (l'agriculture, l'exploitation mini\u00e8re et les technologies de pointe) ont besoin de traductions de qualit\u00e9 pour nouer des partenariats internationaux fructueux. Qu'il s'agisse des entreprises innovantes de Swift Current ou des leaders du secteur de Moose Jaw, une communication pr\u00e9cise est la cl\u00e9 du succ\u00e8s \u00e0 l'international. <\/p>\n<!-- \/wp:paragraph --><!-- wp:paragraph {\"translatedWithWPMLTM\":\"1\"} -->\n<p>Tous les niveaux de pouvoir ont besoin de traductions professionnelles pour garantir que les services essentiels soient accessibles \u00e0 tous les habitants, rendant ainsi v\u00e9ritablement accessibles les informations sur la sant\u00e9, les ressources juridiques et les programmes publics.<\/p>\n<!-- \/wp:paragraph --><!-- wp:heading {\"translatedWithWPMLTM\":\"1\"} -->\n<h2 class=\"wp-block-heading\">Des traduction certifi\u00e9es<\/h2>\n<!-- \/wp:heading --><!-- wp:paragraph {\"translatedWithWPMLTM\":\"1\"} -->\n<p>En ce qui concerne les documents officiels en Saskatchewan, les traductions certifi\u00e9es sont indispensables.<\/p>\n<!-- \/wp:paragraph --><!-- wp:paragraph {\"translatedWithWPMLTM\":\"1\"} -->\n<p>Qu'il s'agisse d'actes d'\u00e9tat civil ou de contrats juridiques, nos traductions certifi\u00e9es r\u00e9pondent aux normes les plus strictes en mati\u00e8re de reconnaissance administrative et juridique.<\/p>\n<!-- \/wp:paragraph --><!-- wp:heading {\"translatedWithWPMLTM\":\"1\"} -->\n<h2 class=\"wp-block-heading\">De l'interp\u00e9tation<\/h2>\n<!-- \/wp:heading --><!-- wp:paragraph {\"translatedWithWPMLTM\":\"1\"} -->\n<p>Nos interpr\u00e8tes sp\u00e9cialis\u00e9s facilitent les \u00e9changes cruciaux dans les domaines suivants :<\/p>\n<!-- \/wp:paragraph --><!-- wp:list -->\n<ul class=\"wp-block-list\"><!-- wp:list-item {\"translatedWithWPMLTM\":\"1\"} -->\n<li>Consultations m\u00e9dicales qui changent la vie<\/li>\n<!-- \/wp:list-item -->\n\n<!-- wp:list-item {\"translatedWithWPMLTM\":\"1\"} -->\n<li>N\u00e9gociations commerciales \u00e0 enjeux \u00e9lev\u00e9s<\/li>\n<!-- \/wp:list-item -->\n\n<!-- wp:list-item {\"translatedWithWPMLTM\":\"1\"} -->\n<li>Proc\u00e9dures judiciaires importantes<\/li>\n<!-- \/wp:list-item --><\/ul>\n<!-- \/wp:list --><!-- wp:heading {\"translatedWithWPMLTM\":\"1\"} -->\n<h2 class=\"wp-block-heading\">Services de traduction indispensables pour les entreprises de la Saskatchewan<\/h2>\n<!-- \/wp:heading --><!-- wp:paragraph {\"translatedWithWPMLTM\":\"1\"} -->\n<p>D\u00e9veloppez votre entreprise \u00e0 internationale gr\u00e2ce \u00e0 des traductions professionnelles, o\u00f9 chaque mot compte. Qu'il s'agisse de supports marketing percutants ou de sites web conviviaux, nous vous aidons \u00e0 communiquer avec vos clients dans leur langue. <\/p>\n<!-- \/wp:paragraph --><!-- wp:paragraph {\"translatedWithWPMLTM\":\"1\"} -->\n<p>Pour les secteurs agricole et minier de la Saskatchewan, nous fournissons des traductions techniques pr\u00e9cises dans les domaines suivants :<\/p>\n<!-- \/wp:paragraph --><!-- wp:list -->\n<ul class=\"wp-block-list\"><!-- wp:list-item {\"translatedWithWPMLTM\":\"1\"} -->\n<li>Documentation technique complexe<\/li>\n<!-- \/wp:list-item -->\n\n<!-- wp:list-item {\"translatedWithWPMLTM\":\"1\"} -->\n<li>Protocoles de s\u00e9curit\u00e9 essentiels<\/li>\n<!-- \/wp:list-item -->\n\n<!-- wp:list-item {\"translatedWithWPMLTM\":\"1\"} -->\n<li>Caract\u00e9ristiques techniques d\u00e9taill\u00e9es du produit<\/li>\n<!-- \/wp:list-item --><\/ul>\n<!-- \/wp:list --><!-- wp:heading {\"translatedWithWPMLTM\":\"1\"} -->\n<h2 class=\"wp-block-heading\">Solutions de traduction sur mesure pour les habitants de la Saskatchewan<\/h2>\n<!-- \/wp:heading --><!-- wp:paragraph {\"translatedWithWPMLTM\":\"1\"} -->\n<p>Nos services de traduction personnalis\u00e9s couvrent tous vos documents essentiels :<\/p>\n<!-- \/wp:paragraph --><!-- wp:list -->\n<ul class=\"wp-block-list\"><!-- wp:list-item {\"translatedWithWPMLTM\":\"1\"} -->\n<li>Actes de naissance et documents d'identit\u00e9<\/li>\n<!-- \/wp:list-item -->\n\n<!-- wp:list-item {\"translatedWithWPMLTM\":\"1\"} -->\n<li>Actes de mariage et d'\u00e9tat civil<\/li>\n<!-- \/wp:list-item -->\n\n<!-- wp:list-item {\"translatedWithWPMLTM\":\"1\"} -->\n<li>Parcours scolaire<\/li>\n<!-- \/wp:list-item --><\/ul>\n<!-- \/wp:list --><!-- wp:paragraph {\"translatedWithWPMLTM\":\"1\"} -->\n<p>Vous pouvez compter sur nos interpr\u00e8tes pour combler les lacunes de communication dans les domaines de la sant\u00e9, du droit et de l'\u00e9ducation, en veillant \u00e0 ce que rien ne se perde dans la traduction.<\/p>\n<!-- \/wp:paragraph --><!-- wp:paragraph {\"translatedWithWPMLTM\":\"1\"} -->\n<p>Nos services de traduction culturelle sp\u00e9cialis\u00e9s pr\u00e9servent et mettent en valeur la richesse du patrimoine autochtone tout en favorisant l'int\u00e9gration des nouveaux arrivants.<\/p>\n<!-- \/wp:paragraph --><!-- wp:heading {\"translatedWithWPMLTM\":\"1\"} -->\n<h2 class=\"wp-block-heading\">Le pouvoir de la traduction professionnelle<\/h2>\n<!-- \/wp:heading --><!-- wp:paragraph {\"translatedWithWPMLTM\":\"1\"} -->\n<p>Pour les entreprises, des traductions pr\u00e9cises renforcent la confiance et ouvrent de nouveaux march\u00e9s.<\/p>\n<!-- \/wp:paragraph --><!-- wp:paragraph {\"translatedWithWPMLTM\":\"1\"} -->\n<p>Ressentez la diff\u00e9rence avec des services con\u00e7us pour :<\/p>\n<!-- \/wp:paragraph --><!-- wp:list -->\n<ul class=\"wp-block-list\"><!-- wp:list-item {\"translatedWithWPMLTM\":\"1\"} -->\n<li>Proc\u00e9dures d'immigration simplifi\u00e9es<\/li>\n<!-- \/wp:list-item -->\n\n<!-- wp:list-item {\"translatedWithWPMLTM\":\"1\"} -->\n<li>Meilleures possibilit\u00e9s de formation<\/li>\n<!-- \/wp:list-item -->\n\n<!-- wp:list-item {\"translatedWithWPMLTM\":\"1\"} -->\n<li>Protection juridique compl\u00e8te<\/li>\n<!-- \/wp:list-item --><\/ul>\n<!-- \/wp:list --><!-- wp:paragraph {\"translatedWithWPMLTM\":\"1\"} -->\n<p>Dans le secteur de la sant\u00e9, nos traductions pr\u00e9cises garantissent la qualit\u00e9 des soins prodigu\u00e9s. Ensemble, nous contribuons \u00e0 renforcer les liens au sein des communaut\u00e9s de la Saskatchewan. <\/p>\n<!-- \/wp:paragraph --><!-- wp:paragraph {\"translatedWithWPMLTM\":\"1\"} -->\n<p>D\u00e9couvrez notre expertise en traduction dans d'autres provinces : l'<a href=\"https:\/\/www.saskatchewanta.ca\">Alberta<\/a>, le <a href=\"https:\/\/www.saskatchewanta.ca\">Manitoba<\/a> et l'<a href=\"https:\/\/www.saskatchewanta.ca\">Ontario<\/a>.<\/p>\n<!-- \/wp:paragraph --><!-- wp:paragraph {\"translatedWithWPMLTM\":\"1\"} -->\n<p>Pr\u00eat \u00e0 faire passer votre communication internationale au niveau sup\u00e9rieur ? Rendez-vous sur notre <a href=\"https:\/\/www.saskatchewanta.ca\">page de devis<\/a> pour commencer. <\/p>\n<!-- \/wp:paragraph -->","_et_gb_content_width":"","footnotes":""},"dipi_cpt_category":[47],"class_list":["post-1114","page","type-page","status-publish","has-post-thumbnail","hentry","dipi_cpt_category-region"],"_links":{"self":[{"href":"https:\/\/www.betranslated.ca\/fr\/wp-json\/wp\/v2\/pages\/1114","targetHints":{"allow":["GET"]}}],"collection":[{"href":"https:\/\/www.betranslated.ca\/fr\/wp-json\/wp\/v2\/pages"}],"about":[{"href":"https:\/\/www.betranslated.ca\/fr\/wp-json\/wp\/v2\/types\/page"}],"author":[{"embeddable":true,"href":"https:\/\/www.betranslated.ca\/fr\/wp-json\/wp\/v2\/users\/2"}],"replies":[{"embeddable":true,"href":"https:\/\/www.betranslated.ca\/fr\/wp-json\/wp\/v2\/comments?post=1114"}],"version-history":[{"count":9,"href":"https:\/\/www.betranslated.ca\/fr\/wp-json\/wp\/v2\/pages\/1114\/revisions"}],"predecessor-version":[{"id":1318,"href":"https:\/\/www.betranslated.ca\/fr\/wp-json\/wp\/v2\/pages\/1114\/revisions\/1318"}],"wp:featuredmedia":[{"embeddable":true,"href":"https:\/\/www.betranslated.ca\/fr\/wp-json\/wp\/v2\/media\/1113"}],"wp:attachment":[{"href":"https:\/\/www.betranslated.ca\/fr\/wp-json\/wp\/v2\/media?parent=1114"}],"wp:term":[{"taxonomy":"dipi_cpt_category","embeddable":true,"href":"https:\/\/www.betranslated.ca\/fr\/wp-json\/wp\/v2\/dipi_cpt_category?post=1114"}],"curies":[{"name":"wp","href":"https:\/\/api.w.org\/{rel}","templated":true}]}}