{"id":1160,"date":"2024-11-27T15:09:08","date_gmt":"2024-11-27T15:09:08","guid":{"rendered":"https:\/\/www.betranslated.ca\/services-de-traduction-a-montreal\/"},"modified":"2026-04-08T16:01:34","modified_gmt":"2026-04-08T16:01:34","slug":"services-de-traduction-montreal","status":"publish","type":"page","link":"https:\/\/www.betranslated.ca\/fr\/services-de-traduction-au-quebec\/services-de-traduction-montreal\/","title":{"rendered":"Services de traduction \u00e0 Montr\u00e9al"},"content":{"rendered":"\n<h2 class=\"wp-block-heading\">Tisser des liens entre les langues au c\u0153ur d&rsquo;un environnement culturel singulier<\/h2>\n\n<p>La m\u00e9tropole se pr\u00e9sente comme testament de la diversit\u00e9 linguistique au Canada, o\u00f9 le fran\u00e7ais et l&rsquo;anglais s&rsquo;entrem\u00eale afin de cr\u00e9er un patrimoine culturel dynamique.<\/p>\n\n<p>M\u00e9tropole de 1,76 million d&rsquo;habitants, Montr\u00e9al se distingue par sa remarquable polyvalence linguistique avec 70 % de r\u00e9sidents francophones et 20 % anglophones. 80 % de sa population active maitrise au moins deux langues, voire trois ou quatre, un niveau in\u00e9gal\u00e9 dans les autres grandes villes canadiennes.<\/p>\n\n<p>Dans cet environnement dynamique o\u00f9 le march\u00e9 de la traduction contribue \u00e0 presque 2,5 milliard $ de l&rsquo;\u00e9conomie du Qu\u00e9bec, les services de traduction pr\u00e9cis sont n\u00e9cessaires pour la communication et le succ\u00e8s de votre entreprise.<\/p>\n\n<h2 class=\"wp-block-heading\">Avantage de Montr\u00e9al : comprendre notre identit\u00e9 bilingue<\/h2>\n\n<p>Le place que Montr\u00e9al d\u00e9tient en tant que m\u00e9tropole bilingue requiert plus qu&rsquo;une simple traduction mot \u00e0 mot.<\/p>\n\n<p>Au quotidien, entreprises et r\u00e9sidents \u00e9voluent dans un environnement linguistique riche et complexe, o\u00f9 nuances culturelles et expressions r\u00e9gionales colorent chaque \u00e9change.<\/p>\n\n<p>Notre agence de traduction s&rsquo;impose comme un pont entre les langues, en proposant des services sur mesure adapt\u00e9s \u00e0 la diversit\u00e9 de la population montr\u00e9alaise.<\/p>\n\n<h2 class=\"wp-block-heading\">Services de traduction sp\u00e9cialis\u00e9s pour tous les secteurs<\/h2>\n\n<h3 class=\"wp-block-heading\">Excellence juridique<\/h3>\n\n<p>Dans le monde juridique, la pr\u00e9cision est primordial. Nos traducteurs certifi\u00e9s traitent des documents juridiques complexes : des contrats aux proc\u00e9dures au tribunal, tout en garantissant des services fiables. <\/p>\n\n<p>Les cabinets d&rsquo;avocats les plus prestigieux de Montr\u00e9al font confiance \u00e0 notre expertise en terminologie juridique fran\u00e7aise et anglaise pour garantir une pr\u00e9cision absolue et une validit\u00e9 juridique irr\u00e9prochable de leurs documents.<\/p>\n\n<h3 class=\"wp-block-heading\">Pr\u00e9cision des soins de sant\u00e9<\/h3>\n\n<p>Pour les \u00e9tablissements m\u00e9dicaux de Laval et de Longueuil, nous assurons la traduction experte de dossiers m\u00e9dicaux, d&rsquo;articles de recherche et de renseignements sur les patients.<\/p>\n\n<p>Notre \u00e9quipe sp\u00e9cialis\u00e9e comprend l&rsquo;importance des traductions m\u00e9dicales en veillant \u00e0 ce que les informations de sant\u00e9 essentielles soient transmises avec pr\u00e9cision et clart\u00e9 dans les deux langues officielles.<\/p>\n\n<h3 class=\"wp-block-heading\">Marketing qui rassemble<\/h3>\n\n<p>R\u00e9ussir sur le march\u00e9 bilingue de cette m\u00e9tropole exige un contenu marketing qui s&rsquo;adresse authentiquement aux publics francophones et anglophones.<\/p>\n\n<p>Nos traducteurs ne se contentent pas de traduire, ils transcr\u00e9ent en veillant \u00e0 ce que votre message conserve tout son impact au-del\u00e0 des fronti\u00e8res linguistiques.<\/p>\n\n<p>Les entreprises de e-commerce de la ville de Qu\u00e9bec et de Sherbrooke ont \u00e9tendu leur port\u00e9e gr\u00e2ce \u00e0 nos traductions adapt\u00e9es aux r\u00e9alit\u00e9s culturelles. <\/p>\n\n<h3 class=\"wp-block-heading\">\u00c9pauler l&rsquo;immigration<\/h3>\n\n<p>Pour les nouveaux habitants de la ville, se frayer un chemin \u00e0 travers les processus d&rsquo;immigration requiert une documentation irr\u00e9prochable. <\/p>\n\n<p>Nos traductions certifi\u00e9s r\u00e9pondent aux exigences gouvernementales, aidant des clients \u00e0 Gatineau et Saint-Jean-sur-Richelieu \u00e0 envoyer leur demande de visa et documents officiels en toute confiance et s\u00e9r\u00e9nit\u00e9.<\/p>\n\n<h2 class=\"wp-block-heading\">Intelligence culturelle en traduction<\/h2>\n\n<p>Comprendre le patrimoine culturel \u00e0 Montr\u00e9al est essentiel pour une communication efficace. Notre approche va au-del\u00e0 de la traduction litt\u00e9rale et comprend : <\/p>\n\n<ul class=\"wp-block-list\">\n<li>Expressions r\u00e9gionales uniques de Montr\u00e9al et ses alentours<\/li>\n\n\n\n<li>Sensibilit\u00e9s culturelles propres au <a href=\"https:\/\/www.betranslated.ca\/fr\/services-de-traduction-au-quebec\/\" data-type=\"page\" data-id=\"137\">Qu\u00e9bec<\/a><\/li>\n\n\n\n<li>Expressions locales qui parlent au public cible<\/li>\n\n\n\n<li>Formulations nuanc\u00e9es qui \u00e9vitent les pi\u00e8ges de traduction<\/li>\n<\/ul>\n\n<h2 class=\"wp-block-heading\">Accr\u00e9ditations professionelles qui font la diff\u00e9rence<\/h2>\n\n<p>En tant que membres de l\u2019Association des traducteurs et interpr\u00e8tes de l\u2019Ontario (ATIO), nous respectons les normes de traduction professionnelle. <\/p>\n\n<p>Nos traductions certifi\u00e9s portent la reconnaissance officielle du Canada, \u00e9paul\u00e9es par les mesures de contr\u00f4le qualit\u00e9 et les protocoles de confidentialit\u00e9 stables.<\/p>\n\n<h2 class=\"wp-block-heading\">Intervention rapide pour les besoins urgents<\/h2>\n\n<p>Le monde des affaires \u00e9volue rapidement, et nous aussi. Les entreprises de Drummondville et de Ch\u00e2teauguay comptent sur nos traductions rapides et pr\u00e9cises, sans jamais sacrifier la qualit\u00e9 des services. <\/p>\n\n<p>Notre flux de travail efficace assure que vos projets r\u00e9pondent aux d\u00e9lais les plus serr\u00e9s tout en maintenant des normes irr\u00e9prochables.<\/p>\n\n<h2 class=\"wp-block-heading\">Au-del\u00e0 de Montr\u00e9al : au service des communaut\u00e9s qu\u00e9b\u00e9coises<\/h2>\n\n<p>Notre expertise s&rsquo;\u00e9tend \u00e0 travers le Qu\u00e9bec, au service des clients de Trois-Rivi\u00e8res jusqu&rsquo;\u00e0 Chicoutimi-Jonqui\u00e8re. <\/p>\n\n<p>Gr\u00e2ce \u00e0 notre connaissance approfondie des march\u00e9s locaux, cette pr\u00e9sence \u00e0 l&rsquo;\u00e9chelle provinciale fait de nous un partenaire id\u00e9al pour les entreprises et les particuliers de toute la r\u00e9gion.<\/p>\n\n<h2 class=\"wp-block-heading\">Histoires \u00e0 succ\u00e8s qui font parler<\/h2>\n\n<p>Notre impact se refl\u00e8te avant tout dans l&rsquo;accomplissement de nos clients :<\/p>\n\n<ul class=\"wp-block-list\">\n<li>Grand cabinet d&rsquo;avocat \u00e0 Montr\u00e9al a augment\u00e9 sa client\u00e8le de 40 % apr\u00e8s avoir int\u00e9gr\u00e9 notre syst\u00e8me de documentation bilingue \u00e0 leurs services<\/li>\n\n\n\n<li>Plateforme e-commerce bas\u00e9e \u00e0 Laval a doubl\u00e9 ses clients francophones gr\u00e2ce \u00e0 nos traductions marketing localis\u00e9es<\/li>\n\n\n\n<li>Professionnel de sant\u00e9 de Sherbrooke a am\u00e9lior\u00e9 la satisfaction des patients de 35 % rien qu&rsquo;en utilisant notre mat\u00e9riels de traduction<\/li>\n\n\n\n<li>\u00c0 Gatineau, beaucoup ont r\u00e9ussi \u00e0 se frayer un chemin dans le processus d&rsquo;immigration gr\u00e2ce \u00e0 nos traductions certifi\u00e9es<\/li>\n<\/ul>\n\n<h2 class=\"wp-block-heading\">Engagement \u00e0 l&rsquo;excellence<\/h2>\n\n<p>Dans un environnement multilingue tel que Montr\u00e9al, les services de traduction de qualit\u00e9 d\u00e9finissent le succ\u00e8s. <\/p>\n\n<p>Notre connaissance approfondie des deux langues, combin\u00e9e \u00e0 une expertise sectorielle et une sensibilit\u00e9 culturelle, garantit que votre message touche avec force chaque auditoire.<\/p>\n\n<p>Pour les entreprises et les particuliers qui \u00e9voluent dans l&rsquo;environnement bilingue de la ville, nous proposons bien plus que de la traduction, nous cr\u00e9ons un pont entre les cultures en veillant \u00e0 ce que votre message conserve tout son impact et son int\u00e9grit\u00e9 en fran\u00e7ais comme en anglais.<\/p>\n\n<div class=\"wp-block-cover is-light alignfull\" style=\"min-height:400px;aspect-ratio:unset;\"><span aria-hidden=\"true\" class=\"wp-block-cover__background has-background-dim-100 has-background-dim\" style=\"background-color:#ffffff\"><\/span><div class=\"wp-block-cover__inner-container is-layout-flow wp-block-cover-is-layout-flow\">\n<div class=\"wp-block-media-text alignwide is-stacked-on-mobile is-vertically-aligned-center is-image-fill-element\" style=\"grid-template-columns:56% auto\"><figure class=\"wp-block-media-text__media\"><img decoding=\"async\" width=\"450\" height=\"210\" src=\"https:\/\/www.betranslated.ca\/wp-content\/uploads\/2024\/11\/contact-bromont-translation-agency.jpg\" alt=\"Contactez l&#039;agence de traduction de Bromont\" class=\"wp-image-561 size-full\" style=\"object-position:50% 50%\" srcset=\"https:\/\/www.betranslated.ca\/wp-content\/uploads\/2024\/11\/contact-bromont-translation-agency.jpg 450w, https:\/\/www.betranslated.ca\/wp-content\/uploads\/2024\/11\/contact-bromont-translation-agency-300x140.jpg 300w\" sizes=\"(max-width: 450px) 100vw, 450px\" \/><\/figure><div class=\"wp-block-media-text__content\">\n<h2 class=\"wp-block-heading has-text-color\" style=\"color:#000000;font-size:32px\"><strong><strong>Contactez-nous<\/strong><\/strong><\/h2>\n\n\n\n<p class=\"has-text-color\" style=\"color:#000000;font-size:17px\">Pr\u00eats \u00e0 r\u00e9aliser vos <strong>projets de traduction<\/strong> ?<\/p>\n\n\n\n<p class=\"has-text-color\" style=\"color:#000000;font-size:17px\">Contactez-nous d\u00e8s maintenant par t\u00e9l\u00e9phone, e-mail ou gr\u00e2ce \u00e0 notre <a href=\"https:\/\/www.betranslated.ca\/fr\/devis-de-traduction\/\" data-type=\"page\" data-id=\"218\">formulaire en ligne<\/a> \u00e0 remplir, afin de fixer et atteindre vos objectifs. <\/p>\n\n\n\n<p><\/p>\n<\/div><\/div>\n<\/div><\/div>\n","protected":false},"excerpt":{"rendered":"<p>Transformez votre parcours professionnel ou personnel gr\u00e2ce \u00e0 une traduction fran\u00e7ais-anglais pr\u00e9cise \u00e0 Montr\u00e9al. Nos traducteurs certifi\u00e9s mettent leur expertise au service de vos documents juridiques, dossiers m\u00e9dicaux, demandes de visa et contenus marketing, avec une authenticit\u00e9 culturelle garantie. Que vous d\u00e9veloppiez votre entreprise ou que vous vous frayez un chemin \u00e0 travers les proc\u00e9dures d&rsquo;immigration, contactez-nous pour un devis gratuit et rejoignez les 80 % de Montr\u00e9alais qui \u00e9voluent en mode bilingue.  <\/p>\n","protected":false},"author":2,"featured_media":1103,"parent":1264,"menu_order":0,"comment_status":"closed","ping_status":"closed","template":"","meta":{"_et_pb_use_builder":"","_et_pb_old_content":"","_et_gb_content_width":"","footnotes":""},"dipi_cpt_category":[47],"class_list":["post-1160","page","type-page","status-publish","has-post-thumbnail","hentry","dipi_cpt_category-region"],"_links":{"self":[{"href":"https:\/\/www.betranslated.ca\/fr\/wp-json\/wp\/v2\/pages\/1160","targetHints":{"allow":["GET"]}}],"collection":[{"href":"https:\/\/www.betranslated.ca\/fr\/wp-json\/wp\/v2\/pages"}],"about":[{"href":"https:\/\/www.betranslated.ca\/fr\/wp-json\/wp\/v2\/types\/page"}],"author":[{"embeddable":true,"href":"https:\/\/www.betranslated.ca\/fr\/wp-json\/wp\/v2\/users\/2"}],"replies":[{"embeddable":true,"href":"https:\/\/www.betranslated.ca\/fr\/wp-json\/wp\/v2\/comments?post=1160"}],"version-history":[{"count":5,"href":"https:\/\/www.betranslated.ca\/fr\/wp-json\/wp\/v2\/pages\/1160\/revisions"}],"predecessor-version":[{"id":1239,"href":"https:\/\/www.betranslated.ca\/fr\/wp-json\/wp\/v2\/pages\/1160\/revisions\/1239"}],"up":[{"embeddable":true,"href":"https:\/\/www.betranslated.ca\/fr\/wp-json\/wp\/v2\/pages\/1264"}],"wp:featuredmedia":[{"embeddable":true,"href":"https:\/\/www.betranslated.ca\/fr\/wp-json\/wp\/v2\/media\/1103"}],"wp:attachment":[{"href":"https:\/\/www.betranslated.ca\/fr\/wp-json\/wp\/v2\/media?parent=1160"}],"wp:term":[{"taxonomy":"dipi_cpt_category","embeddable":true,"href":"https:\/\/www.betranslated.ca\/fr\/wp-json\/wp\/v2\/dipi_cpt_category?post=1160"}],"curies":[{"name":"wp","href":"https:\/\/api.w.org\/{rel}","templated":true}]}}