{"id":1264,"date":"2024-08-17T13:57:37","date_gmt":"2024-08-17T13:57:37","guid":{"rendered":"https:\/\/www.betranslated.ca\/services-de-traduction-au-quebec\/"},"modified":"2026-04-08T16:01:39","modified_gmt":"2026-04-08T16:01:39","slug":"services-de-traduction-au-quebec","status":"publish","type":"page","link":"https:\/\/www.betranslated.ca\/fr\/services-de-traduction-au-quebec\/","title":{"rendered":"Services de traduction au Qu\u00e9bec"},"content":{"rendered":"\n<h2 class=\"wp-block-heading\">Votre partenaire de confiance en services de traduction en fran\u00e7ais canadien<\/h2>\n\n<p>En tant qu&rsquo;entreprise de traduction professionnelle servant la province historique et dynamique du Qu\u00e9bec, notamment les grandes villes comme Qu\u00e9bec, <a href=\"https:\/\/www.betranslated.ca\/fr\/services-de-traduction-au-quebec\/services-de-traduction-montreal\/\" data-type=\"page\" data-id=\"571\">Montr\u00e9al<\/a>, Laval, Gatineau, Longueuil et Sherbrooke, ainsi que des <a href=\"https:\/\/www.betranslated.ca\/quebec-translation-services\/bromont\/\" data-type=\"page\" data-id=\"549\">villes plus petites comme Bromont<\/a>, nous prenons un grand plaisir \u00e0 offrir des services de traduction de premier ordre en fran\u00e7ais canadien.<\/p>\n\n<p>Notre expertise s&rsquo;\u00e9tend dans diverses disciplines parmi lesquelles on retrouve les traductions juridique, technique et m\u00e9dicale. Ces diff\u00e9rentes sp\u00e9cialisations nous permettent de r\u00e9pondre \u00e0 tous les besoins de nos clients.<\/p>\n\n<p>Avec une \u00e9quipe de traducteurs et d&rsquo;interpr\u00e8tes certifi\u00e9s, nous couvrons une large gamme de langues, y compris l&rsquo;allemand, l&rsquo;espagnol, l&rsquo;arabe, l&rsquo;italien, le portugais, le russe et le chinois (avec une sp\u00e9cialisation sur le mandarin).<\/p>\n\n<h2 class=\"wp-block-heading\">Services de traduction de documents au Qu\u00e9bec<\/h2>\n\n<p>Que vous ayez besoin de traductions pour des d\u00e9marches d&rsquo;immigration, des affaires ou \u00e0 des fins personnelles, notre \u00e9quipe de traducteurs professionnels peut traduire vos documents avec une pr\u00e9cision certifi\u00e9e.<\/p>\n\n<p>Nous prenons en charge la traduction de documents essentiels comme les permis de conduire, les certificats de naissance, de mariage et de divorce, et nous nous assurons que les traductions sont recevables par les autorit\u00e9s provinciales et gouvernementales.<\/p>\n\n<p>Les clients qui nous soumettent des documents pour l&rsquo;immigration, des demandes de visas, des documents scolaires ou des plans de travail peuvent faire confiance \u00e0 notre expertise pour livrer des traductions de haute qualit\u00e9.<\/p>\n\n<p>Nos services sont pens\u00e9s pour respecter les conditions des deux langues officielles du Qu\u00e9bec, le fran\u00e7ais et l&rsquo;anglais, ce qui fait de notre agence un partenaire de confiance pour les personnes qui ont besoin de <a href=\"https:\/\/www.betranslated.ca\/fr\/services-de-traduction-au-quebec\/\">traduction en fran\u00e7ais qu\u00e9b\u00e9quois<\/a>.<\/p>\n\n<h2 class=\"wp-block-heading\">Services d&rsquo;interpr\u00e9tation dans la ville de Qu\u00e9bec<\/h2>\n\n<p>Nos interpr\u00e8tes sont sp\u00e9cialis\u00e9s dans la prestation de services d&rsquo;interpr\u00e9tation linguistique et ethnoculturelle pour divers secteurs d&rsquo;activit\u00e9 et \u00e9v\u00e8nements.<\/p>\n\n<p>que ce soit en personne ou via d&rsquo;autres moyens de communication, nous nous assurons de la bonne communication entre les parties impliqu\u00e9es.<\/p>\n\n<p>Nos services comprennent l&rsquo;interpr\u00e9tation pour les r\u00e9unions d&rsquo;affaires, les d\u00e9marches l\u00e9gales et les \u00e9v\u00e8nements. Ces services font de nous l&rsquo;agence parfaite pour des services d&rsquo;interpr\u00e9tation complets dans la ville de Qu\u00e9bec et au-del\u00e0.<\/p>\n\n<h2 class=\"wp-block-heading\">Contactez-nous pour obtenir un devis gratuit<\/h2>\n\n<p>Si vous avez besoin de services de traduction ou d&rsquo;interpr\u00e9tation professionnels et certifi\u00e9s \u00e0 Qu\u00e9bec ou dans d&rsquo;autres villes canadiennes, n&rsquo;h\u00e9sitez pas \u00e0 <a href=\"https:\/\/www.betranslated.ca\/fr\/devis-de-traduction\/\">nous contacter<\/a> afin de vous assurer que votre projet de traduction soit trait\u00e9 avec le plus grand soin et le plus haut niveau d&rsquo;expertise.<\/p>\n\n<p>Notre \u00e9quipe de traducteurs et d&rsquo;interpr\u00e8tes agr\u00e9\u00e9s est \u00e0 votre disposition pour vous aider \u00e0 mieux comprendre le contexte international et linguistique du Canada.<\/p>\n\n<p>Nous sommes conscients de la n\u00e9cessit\u00e9 de fournir des traductions pr\u00e9cises qui tiennent compte des nuances culturelles et linguistiques de la population francophone d&rsquo;Am\u00e9rique du Nord.<\/p>\n\n<p>Notre compagnie s&rsquo;engage \u00e0 fournir des services de traduction adapt\u00e9s tant aux locuteurs du fran\u00e7ais du Qu\u00e9bec et du fran\u00e7ais europ\u00e9en qu&rsquo;\u00e0 ceux dont l&rsquo;anglais ou le fran\u00e7ais est la langue maternelle.<\/p>\n\n<p>Nous travaillons \u00e9galement avec les langues autochtones afin de donner l&rsquo;acc\u00e8s \u00e0 des services de traduction de qualit\u00e9 \u00e0 tous les habitants du Qu\u00e9bec et du reste du Canada.<\/p>\n\n<p>Nos diff\u00e9rents services sont pens\u00e9s pour combler les divers besoins de nos clients, qu&rsquo;ils soient \u00e0 la recherche d&rsquo;un service de traduction de documents officiels \u00e0 des fins juridiques, d&rsquo;un moyen de communiquer de fa\u00e7on efficace dans un contexte commercial ou d&rsquo;une mani\u00e8re de transmettre leur message avec pr\u00e9cision lors d&rsquo;\u00e9v\u00e9nements sociaux ou personnels.<\/p>\n\n<p>Nous vous encourageons \u00e0 vous rendre dans nos bureaux de la ville de Qu\u00e9bec ou de L\u00e9vis, les plus grande villes du Qu\u00e9bec, afin de discuter de vos besoins concernant vos documents \u00e0 traduire.<\/p>\n\n<p>Que votre projet concerne la traduction juridique, la traduction technique ou la traduction de documents personnels, notre \u00e9quipe exp\u00e9riment\u00e9e est pr\u00eate \u00e0 r\u00e9pondre \u00e0 vos besoins avec pr\u00e9cision et soin.<\/p>\n\n<p>En tant qu&rsquo;entreprise poss\u00e9dant une connaissance approfondie de la langue qu\u00e9b\u00e9coise et du contexte culturel de sa population, nous nous engageons \u00e0 fournir des traductions qui r\u00e9pondent aux normes les plus \u00e9lev\u00e9es.<\/p>\n\n<p>N&rsquo;h\u00e9sitez pas \u00e0 nous contacter par t\u00e9l\u00e9phone ou par e-mail pour demander un devis gratuit et en savoir plus sur la mani\u00e8re dont nous pouvons r\u00e9pondre \u00e0 vos besoins en mati\u00e8re de traduction.<\/p>\n\n<p>Gr\u00e2ce \u00e0 notre large gamme de services, qui comprend la traduction de documents en fran\u00e7ais canadien, en fran\u00e7ais europ\u00e9en et dans d&rsquo;autres langues, nous sommes votre partenaire de confiance pour tous vos besoins en traduction et en interpr\u00e9tation au Qu\u00e9bec et partout au <a href=\"https:\/\/www.betranslated.ca\/fr\/services-de-traduction-au-canada\/\">Canada<\/a>.<\/p>\n","protected":false},"excerpt":{"rendered":"<p>BeTranslated fournit des traductions professionnelles fran\u00e7ais-anglais pour les entreprises et les particuliers au Qu\u00e9bec, en garantissant la pr\u00e9cision pour les projets m\u00e9dicaux, juridiques, SEO et d&rsquo;interpr\u00e9tation.<\/p>\n<p>\ud83d\udce9 Contactez-nous d\u00e8s maintenant pour discuter de vos besoins !<\/p>\n","protected":false},"author":2,"featured_media":1081,"parent":0,"menu_order":0,"comment_status":"closed","ping_status":"closed","template":"","meta":{"_et_pb_use_builder":"","_et_pb_old_content":"","_et_gb_content_width":"","footnotes":""},"dipi_cpt_category":[47],"class_list":["post-1264","page","type-page","status-publish","has-post-thumbnail","hentry","dipi_cpt_category-region"],"_links":{"self":[{"href":"https:\/\/www.betranslated.ca\/fr\/wp-json\/wp\/v2\/pages\/1264","targetHints":{"allow":["GET"]}}],"collection":[{"href":"https:\/\/www.betranslated.ca\/fr\/wp-json\/wp\/v2\/pages"}],"about":[{"href":"https:\/\/www.betranslated.ca\/fr\/wp-json\/wp\/v2\/types\/page"}],"author":[{"embeddable":true,"href":"https:\/\/www.betranslated.ca\/fr\/wp-json\/wp\/v2\/users\/2"}],"replies":[{"embeddable":true,"href":"https:\/\/www.betranslated.ca\/fr\/wp-json\/wp\/v2\/comments?post=1264"}],"version-history":[{"count":1,"href":"https:\/\/www.betranslated.ca\/fr\/wp-json\/wp\/v2\/pages\/1264\/revisions"}],"predecessor-version":[{"id":1265,"href":"https:\/\/www.betranslated.ca\/fr\/wp-json\/wp\/v2\/pages\/1264\/revisions\/1265"}],"wp:featuredmedia":[{"embeddable":true,"href":"https:\/\/www.betranslated.ca\/fr\/wp-json\/wp\/v2\/media\/1081"}],"wp:attachment":[{"href":"https:\/\/www.betranslated.ca\/fr\/wp-json\/wp\/v2\/media?parent=1264"}],"wp:term":[{"taxonomy":"dipi_cpt_category","embeddable":true,"href":"https:\/\/www.betranslated.ca\/fr\/wp-json\/wp\/v2\/dipi_cpt_category?post=1264"}],"curies":[{"name":"wp","href":"https:\/\/api.w.org\/{rel}","templated":true}]}}