{"id":1286,"date":"2024-11-27T13:59:16","date_gmt":"2024-11-27T13:59:16","guid":{"rendered":"https:\/\/www.betranslated.ca\/services-de-traduction-au-quebec\/services-de-traduction-a-bromont\/"},"modified":"2026-04-14T14:02:18","modified_gmt":"2026-04-14T14:02:18","slug":"services-de-traduction-a-bromont","status":"publish","type":"page","link":"https:\/\/www.betranslated.ca\/fr\/services-de-traduction-au-quebec\/services-de-traduction-a-bromont\/","title":{"rendered":"Services de traduction \u00e0 Bromont"},"content":{"rendered":"\n<h2 class=\"wp-block-heading\"><strong>\u00c9voluer ensemble : services linguistiques au c\u0153ur du Qu\u00e9bec<\/strong><\/h2>\n\n<p>Alors que notre communaut\u00e9 dynamique de Bromont s&rsquo;\u00e9panouit aux c\u00f4t\u00e9s de grandes villes voisines de Montr\u00e9al, Laval et Longueuil, nous voyons de plus en plus de familles et d&rsquo;entreprises adopter la riche diversit\u00e9 linguistique de notre r\u00e9gion. <\/p>\n\n<p>Situ\u00e9e \u00e0 69 km de Montr\u00e9al et avec pr\u00e8s de 10 000 habitants, Bromont fait face \u00e0 un besoin croissant de communication efficace entre les langues. <\/p>\n\n<p>En tant qu&rsquo;entreprise ou r\u00e9sident de Bromont, vous savez d\u00e9j\u00e0 qu&rsquo;une communication claire \u00e9tablit la confiance. <\/p>\n\n<p>Que vous visiez une port\u00e9e internationale ou ayez besoin d&rsquo;une traduction urgente, brisez les cha\u00eenes linguistiques afin d&rsquo;atteindre vos objectifs.<\/p>\n\n<p>Gr\u00e2ce \u00e0 une connaissance approfondie de notre communaut\u00e9 locale, nos experts vous guident \u00e0 travers des <strong>documents juridiques complexes<\/strong> et <strong>dossiers m\u00e9dicaux<\/strong> afin de livrer des traductions pr\u00e9cises.<\/p>\n\n<p>Nous proposons des traductions en anglais, en fran\u00e7ais, en espagnol et bien plus encore, r\u00e9pondant ainsi aux besoins multilingues de notre population diversifi\u00e9e.<\/p>\n\n<p>Dans le Qu\u00e9bec d&rsquo;aujourd&rsquo;hui, rien n&rsquo;est plus pr\u00e9cieux qu&rsquo;un message qui traverse la distance sans perdre son sens. <\/p>\n\n<p>La demande de traductions pr\u00e9cises et culturellement adapt\u00e9es est en constante croissance dans une zone m\u00e9tropolitaine comme Montr\u00e9al comptant plus de 4 millions d&rsquo;habitants ayant Laval comme troisi\u00e8me ville la plus importante de la province avec <a href=\"https:\/\/en.wikipedia.org\/wiki\/List_of_the_100_largest_urban_areas_in_Canada_by_population\" target=\"_blank\" rel=\"noopener\">438 366 r\u00e9sidents.<\/a> <\/p>\n\n<p>Traduction de services disponibles de Bromont \u00e0 Longueuil (251 380 r\u00e9sidents) et dans un rayon de 100 km de Montr\u00e9al. <\/p>\n\n<p>Nos traducteurs sp\u00e9cialis\u00e9s prennent en charge vos projets dans les domaines des arts, de la nutrition, du sport et du contenu web. <\/p>\n\n<p>Nous respectons vos d\u00e9lais et vous tenons au courant r\u00e9guli\u00e8rement de l&rsquo;avanc\u00e9e du projet. <\/p>\n\n<p><strong>Que vous soyez une petite entreprise \u00e0 Granby ou une grande compagnie \u00e0 Saint-Jean-sur-Richelieu, vos projets de traductions sont entre de bonnes mains. <\/strong><\/p>\n\n<h2 class=\"wp-block-heading\"><strong>Nos services complets<\/strong><\/h2>\n\n<h3 class=\"wp-block-heading\"><strong>Services de traduction certifi\u00e9e<\/strong><\/h3>\n\n<p>Vous avez besoin d&rsquo;une traduction certifi\u00e9e \u00e0 des fins juridiques, acad\u00e9miques ou concernant l&rsquo;immigration ? <\/p>\n\n<p>Nos traductions certifi\u00e9es respectent les normes mises en place par l&rsquo;<a href=\"https:\/\/www.canada.ca\/en\/immigration-refugees-citizenship.html\" target=\"_blank\" rel=\"noopener\">Immigration, R\u00e9fugi\u00e9s et Citoyennet\u00e9 Canada<strong> (IRCC)<\/strong><\/a> et autres institutions officielles. <\/p>\n\n<p>Des <strong>certificats aux dipl\u00f4mes en passant par les contrats<\/strong>, nous traitons vos documents essentiels avec pr\u00e9cision, en fournissant des traductions certifi\u00e9es qui satisfont toutes les exigences officielles.<\/p>\n\n<h3 class=\"wp-block-heading\"><strong>Services de traduction juridique<\/strong><\/h3>\n\n<p>Les traductions juridiques exigent une attention particuli\u00e8re et une grande discr\u00e9tion. <\/p>\n\n<p>Nos <strong>experts en traduction<\/strong> juridique prennent en charge les <strong>contrats, documents judiciaires<\/strong> et <strong>documents de conformit\u00e9<\/strong> aux normes juridiques du <strong>Qu\u00e9bec<\/strong> et du <strong>Canada<\/strong>. <\/p>\n\n<p>Comptez sur BeTranslated pour une pr\u00e9cision optimale et un respect de la confidentialit\u00e9.<\/p>\n\n<h3 class=\"wp-block-heading\"><strong>Services de traduction m\u00e9dicale<\/strong><\/h3>\n\n<p>Concernant les <strong>documents m\u00e9dicaux<\/strong>, la pr\u00e9cision est primordiale.<\/p>\n\n<p>Nos experts traduisent <strong>les dossiers m\u00e9dicaux, la documentation sur les essais cliniques<\/strong> et le <strong>contenu pharmaceutique<\/strong> avec <strong>pr\u00e9cision m\u00e9dicale<\/strong> et <strong>confidentialit\u00e9<\/strong>, prot\u00e9geant ainsi vos informations personnelles.<\/p>\n\n<p>Notre agence de traduction s&rsquo;impose comme un pont linguistique entre les prestataires de soins de sant\u00e9 et leurs patients.<\/p>\n\n<h3 class=\"wp-block-heading\"><strong>Services de traduction technique<\/strong><\/h3>\n\n<p>Les manuels techniques, les <strong>documents d&rsquo;ing\u00e9nierie<\/strong> et le <strong>contenu informatique<\/strong> requi\u00e8rent des connaissances sp\u00e9cialis\u00e9es.<\/p>\n\n<p>Notre \u00e9quipe <strong>traduit avec pr\u00e9cision<\/strong> des documents techniques, en veillant \u00e0 ce que votre public comprenne chaque d\u00e9tail.<\/p>\n\n<h3 class=\"wp-block-heading\"><strong>Services de traduction scientifique <\/strong><\/h3>\n\n<p>Des <strong>articles acad\u00e9miques<\/strong> aux <strong>recherches en laboratoire<\/strong>, <strong>nos services de traduction scientifique<\/strong> soutiennent vos travaux. <\/p>\n\n<p>Nous respectons les normes \u00e9lev\u00e9es des chercheurs et institutions et proposons des traductions qui favorisent une collaboration \u00e0 l&rsquo;\u00e9chelle mondiale.<\/p>\n\n<h3 class=\"wp-block-heading\"><strong>Services de r\u00e9f\u00e9rencement multilingues<\/strong><\/h3>\n\n<p>Le <strong>r\u00e9f\u00e9rencement multilingue <\/strong>renforce votre pr\u00e9sence num\u00e9rique <strong>en fran\u00e7ais, en anglais<\/strong> et bien plus encore, pour <strong>attirer des visiteurs et favoriser l&rsquo;int\u00e9raction<\/strong> gr\u00e2ce \u00e0 un contenu localis\u00e9.<\/p>\n\n<p>Nous vous assurons une expansion bien au-del\u00e0 de Bromont.<\/p>\n\n<h3 class=\"wp-block-heading\"><strong>Services d&rsquo;interpr\u00e9tation<\/strong><\/h3>\n\n<p>Besoin d&rsquo;assistance pour des r\u00e9unions ou des \u00e9v\u00e8nements importants ? Nos <strong>services d&rsquo;interpr\u00e9tation<\/strong> couvrent vos <strong>r\u00e9unions d&rsquo;affaires<\/strong>, vos <strong>audiences juridiques <\/strong>et vos <strong>rendez-vous m\u00e9dicaux<\/strong>.  <\/p>\n\n<p>Choisissez parmi nos options d&rsquo;interpr\u00e9tation <strong>simultan\u00e9e, cons\u00e9cutive<\/strong> ou \u00e0 <strong>distance<\/strong> pour r\u00e9pondre \u00e0 vos besoins.<\/p>\n\n<figure class=\"wp-block-image aligncenter size-full\"><img decoding=\"async\" width=\"780\" height=\"528\" src=\"https:\/\/www.betranslated.ca\/wp-content\/uploads\/2024\/11\/bromont-language-services.png\" alt=\"\" class=\"wp-image-560\" srcset=\"https:\/\/www.betranslated.ca\/wp-content\/uploads\/2024\/11\/bromont-language-services.png 780w, https:\/\/www.betranslated.ca\/wp-content\/uploads\/2024\/11\/bromont-language-services-480x325.png 480w\" sizes=\"(min-width: 0px) and (max-width: 480px) 480px, (min-width: 481px) 780px, 100vw\" \/><\/figure>\n\n<h3 class=\"wp-block-heading\"><strong>Publication assist\u00e9e par ordinateur (PAO) dans le domaine de la traduction<\/strong><\/h3>\n\n<p>Pr\u00e9server la <strong>mise en forme<\/strong> de vos documents est tout aussi important que traduire le texte lui-m\u00eame. <\/p>\n\n<p>Nos <strong>services de PAO<\/strong> utilisent des logiciels tels qu&rsquo;<strong>Adobe InDesign<\/strong> et <strong>Illustrator<\/strong> pour garantir que vos <strong>brochures marketing, eBooks<\/strong> et <strong>manuels<\/strong> traduits conservent leur mise en forme originale et tout leur attrait visuel.<\/p>\n<table style=\"width: 789px; background-color: #f0f0f0; border-collapse: collapse; height: 266px;\">\n<tbody>\n<tr>\n<th style=\"padding: 15px; border: 1px solid #ccc; text-align: left;\">Pourquoi choisir les services de traduction \u00e0 Bromont ? <\/th>\n<\/tr>\n<tr>\n<td style=\"padding: 15px; border: 1px solid #ccc;\">Des linguistes certifi\u00e9s sp\u00e9cialis\u00e9s en plus de 50 langues.<\/td>\n<\/tr>\n<tr>\n<td style=\"padding: 15px; border: 1px solid #ccc;\">Des services localis\u00e9s adapt\u00e9s \u00e0 Bromont et villes alentours telles que Granby, Cowansville et Saint-Jean-sur-Richelieu.<\/td>\n<\/tr>\n<tr>\n<td style=\"padding: 15px; border: 1px solid #ccc;\">De l&rsquo;expertise dans de nombreux secteurs, du juridique au scientifique.<\/td>\n<\/tr>\n<tr>\n<td style=\"padding: 15px; border: 1px solid #ccc;\">Des traductions abordables, rapides et de haute qualit\u00e9.<\/td>\n<\/tr>\n<\/tbody>\n<\/table>\n\n<p><\/p>\n\n<h3 class=\"wp-block-heading\"><strong>Les villes o\u00f9 nous op\u00e9rons<\/strong><\/h3>\n\n<p>Retrouvez nos services en dehors de Bromont : <\/p>\n\n<ul class=\"wp-block-list\">\n<li><strong>Montr\u00e9al <\/strong>: le carrefour dynamique du commerce et de la culture au Qu\u00e9bec.<\/li>\n\n\n\n<li><strong>Laval <\/strong>: avec des industries locales en plein essor, \u00e0 seulement 16 km de Montr\u00e9al.<\/li>\n\n\n\n<li><strong>Longueuil <\/strong>: une zone d&rsquo;affaires majeure \u00e0 seulement 5 km de Montr\u00e9al.<\/li>\n\n\n\n<li><strong>Saint-Jean-sur-Richelieu <\/strong>: \u00e0 31 km de Montr\u00e9al, elle est une ville au service des entreprises.<\/li>\n\n\n\n<li><strong>Granby, Cowansville, Drummondville <\/strong>: nous sommes au service de nos clients dans ces r\u00e9gions avec des <strong>traductions scientifiques<\/strong> et <strong>techniques<\/strong> sp\u00e9cialis\u00e9es.<\/li>\n\n\n\n<li><strong>Plattsburgh, NY (USA) <\/strong>: nous travaillons \u00e9galement avec des entreprises transfrontali\u00e8res \u00e0 seulement 90 km de Montr\u00e9al.<\/li>\n<\/ul>\n\n<h3 class=\"wp-block-heading\"><strong>BeTranslated vous accompagne<\/strong><\/h3>\n\n<p>Que vous soyez une entreprise \u00e0 <strong>Bromont<\/strong> ou ses alentours, nous vous accompagnons dans votre <strong>expansion \u00e0 l&rsquo;international<\/strong> et vous assurons une <strong>communication efficace<\/strong>. <\/p>\n\n<p>Gr\u00e2ce \u00e0 notre <strong>approche int\u00e9gr\u00e9e<\/strong> de<strong> la traduction, du r\u00e9f\u00e9rencement<\/strong> et de la <strong>localisation<\/strong>, votre message r\u00e9sonne aupr\u00e8s de votre public, o\u00f9 qu&rsquo;il se trouve.<\/p>\n\n<div class=\"wp-block-cover alignfull is-light\" style=\"min-height:400px;aspect-ratio:unset;\"><span aria-hidden=\"true\" class=\"wp-block-cover__background has-background-dim-100 has-background-dim\" style=\"background-color:#ffffff\"><\/span><div class=\"wp-block-cover__inner-container is-layout-flow wp-block-cover-is-layout-flow\">\n<div class=\"wp-block-media-text alignwide is-stacked-on-mobile is-vertically-aligned-center is-image-fill-element\" style=\"grid-template-columns:56% auto\"><figure class=\"wp-block-media-text__media\"><img decoding=\"async\" width=\"450\" height=\"210\" src=\"https:\/\/www.betranslated.ca\/wp-content\/uploads\/2024\/11\/contact-bromont-translation-agency.jpg\" alt=\"Contactez notre agence de traduction \u00e0 Bromont\" class=\"wp-image-561 size-full\" style=\"object-position:50% 50%\" srcset=\"https:\/\/www.betranslated.ca\/wp-content\/uploads\/2024\/11\/contact-bromont-translation-agency.jpg 450w, https:\/\/www.betranslated.ca\/wp-content\/uploads\/2024\/11\/contact-bromont-translation-agency-300x140.jpg 300w\" sizes=\"(max-width: 450px) 100vw, 450px\" \/><\/figure><div class=\"wp-block-media-text__content\">\n<h2 class=\"wp-block-heading has-text-color\" style=\"color:#000000;font-size:32px\"><strong><strong>Contactez-nous<\/strong><\/strong><\/h2>\n\n\n\n<p class=\"has-text-color\" style=\"color:#000000;font-size:17px\">Pr\u00eats \u00e0 discuter de vos <strong>besoins de traduction<\/strong> ? <\/p>\n\n\n\n<p class=\"has-text-color\" style=\"color:#000000;font-size:17px\">Rejoignez-nous d\u00e8s aujourd&rsquo;hui et atteignez vos objectifs. Prenez contact par t\u00e9l\u00e9phone, e-mail ou gr\u00e2ce \u00e0 notre <a href=\"https:\/\/www.betranslated.ca\/fr\/devis-de-traduction\/\" data-type=\"page\" data-id=\"218\">formulaire en ligne<\/a> pour commencer votre projet. <\/p>\n\n\n\n<p><\/p>\n\n\n\n<div class=\"wp-block-buttons is-layout-flex wp-block-buttons-is-layout-flex\">\n<div class=\"wp-block-button is-style-fill\"><a class=\"wp-block-button__link wp-element-button\">En savoir plus<\/a><\/div>\n<\/div>\n<\/div><\/div>\n<\/div><\/div>\n\n<p><\/p>\n","protected":false},"excerpt":{"rendered":"<p>Vous souhaitez que votre entreprise \u00e0 Bromont prosp\u00e8re sur les march\u00e9s francophones et anglophones ? Nos experts en traduction vous aident \u00e0 concevoir des messages qui r\u00e9sonnent localement tout en optimisant votre pr\u00e9sence num\u00e9rique. De la localisation de sites web aux supports marketing, nous veillons \u00e0 ce que votre marque s&rsquo;adresse authentiquement \u00e0 vos clients \u00e0 travers le Qu\u00e9bec et au-del\u00e0.   <\/p>\n","protected":false},"author":2,"featured_media":1090,"parent":1264,"menu_order":0,"comment_status":"closed","ping_status":"closed","template":"","meta":{"_et_pb_use_builder":"","_et_pb_old_content":"","_et_gb_content_width":"","footnotes":""},"dipi_cpt_category":[47],"class_list":["post-1286","page","type-page","status-publish","has-post-thumbnail","hentry","dipi_cpt_category-region"],"_links":{"self":[{"href":"https:\/\/www.betranslated.ca\/fr\/wp-json\/wp\/v2\/pages\/1286","targetHints":{"allow":["GET"]}}],"collection":[{"href":"https:\/\/www.betranslated.ca\/fr\/wp-json\/wp\/v2\/pages"}],"about":[{"href":"https:\/\/www.betranslated.ca\/fr\/wp-json\/wp\/v2\/types\/page"}],"author":[{"embeddable":true,"href":"https:\/\/www.betranslated.ca\/fr\/wp-json\/wp\/v2\/users\/2"}],"replies":[{"embeddable":true,"href":"https:\/\/www.betranslated.ca\/fr\/wp-json\/wp\/v2\/comments?post=1286"}],"version-history":[{"count":5,"href":"https:\/\/www.betranslated.ca\/fr\/wp-json\/wp\/v2\/pages\/1286\/revisions"}],"predecessor-version":[{"id":1299,"href":"https:\/\/www.betranslated.ca\/fr\/wp-json\/wp\/v2\/pages\/1286\/revisions\/1299"}],"up":[{"embeddable":true,"href":"https:\/\/www.betranslated.ca\/fr\/wp-json\/wp\/v2\/pages\/1264"}],"wp:featuredmedia":[{"embeddable":true,"href":"https:\/\/www.betranslated.ca\/fr\/wp-json\/wp\/v2\/media\/1090"}],"wp:attachment":[{"href":"https:\/\/www.betranslated.ca\/fr\/wp-json\/wp\/v2\/media?parent=1286"}],"wp:term":[{"taxonomy":"dipi_cpt_category","embeddable":true,"href":"https:\/\/www.betranslated.ca\/fr\/wp-json\/wp\/v2\/dipi_cpt_category?post=1286"}],"curies":[{"name":"wp","href":"https:\/\/api.w.org\/{rel}","templated":true}]}}