{"id":1319,"date":"2024-08-17T14:00:06","date_gmt":"2024-08-17T14:00:06","guid":{"rendered":"https:\/\/www.betranslated.ca\/services-de-traduction-au-manitoba\/"},"modified":"2026-04-21T10:26:35","modified_gmt":"2026-04-21T10:26:35","slug":"services-de-traduction-au-manitoba","status":"publish","type":"page","link":"https:\/\/www.betranslated.ca\/fr\/services-de-traduction-au-manitoba\/","title":{"rendered":"Services de traduction au Manitoba"},"content":{"rendered":"\n<p>Anglais avec des liens int\u00e9gr\u00e9s et des mots cl\u00e9s importants en gras :<\/p>\n\n<p>Gr\u00e2ce \u00e0 son <strong>riche patrimoine culturel<\/strong> et sa <strong>population diversifi\u00e9e<\/strong>, le Manitoba est une province o\u00f9 la communication linguistique est essentielle.<\/p>\n\n<p>Une entreprise qui cherche \u00e0 se d\u00e9velopper \u00e0 l&rsquo;international, un organisme gouvernemental au service d&rsquo;une communaut\u00e9 multiculturelle ou d&rsquo;un particulier ayant besoin de traduction de documents, <a href=\"https:\/\/www.betranslated.ca\/fr\/\">BeTranslated<\/a> vous propose ses <strong>services de traduction de qualit\u00e9<\/strong> dont vous avez besoin afin de briser les cha\u00eenes linguistiques et favoriser la communication \u00e0 travers le Manitoba.<\/p>\n\n<h2 class=\"wp-block-heading\">Pourquoi choisir nos services de traduction au Manitoba ?<\/h2>\n\n<p>La diversit\u00e9 linguistique de la province canadienne exige <strong>pr\u00e9cision et sensibilit\u00e9 culturelle<\/strong> des services de traduction. BeTranslated est votre partenaire de confiance pour vos besoins en : <\/p>\n\n<ul class=\"wp-block-list\">\n<li><strong>Expertise linguistique <\/strong>: nos traducteurs certifi\u00e9s ma\u00eetrisent un large \u00e9ventail de langues pour garantir une communication efficace et culturellement adapt\u00e9.<\/li>\n\n\n\n<li><strong>Connaissances propres au secteur d&rsquo;activit\u00e9 :<\/strong> nous sommes sp\u00e9cialis\u00e9s dans les traductions juridiques, m\u00e9dicales, techniques ainsi que dans les documents professionnels et nous vous proposons des traductions qui r\u00e9pondent aux besoins sp\u00e9cifiques de votre secteur d&rsquo;activit\u00e9.<\/li>\n\n\n\n<li><strong>Rapidit\u00e9 d&rsquo;ex\u00e9cution :<\/strong> le temps c&rsquo;est de l&rsquo;argent. Notre \u00e9quipe propose des <strong>traductions de haute qualit\u00e9 rapidement<\/strong>, qui respectant vos d\u00e9lais les plus urgentes sans jamais compromettre la qualit\u00e9. <\/li>\n\n\n\n<li><strong>Services sp\u00e9cialis\u00e9s :<\/strong> que vous ayez besoin de traduire un document unique ou de b\u00e9n\u00e9ficier d&rsquo;un accompagnement multilingue continu, nous proposons des services personnalis\u00e9s adapt\u00e9s aux exigences.<\/li>\n<\/ul>\n\n<h2 class=\"wp-block-heading\">Services complets de traduction au Manitoba<\/h2>\n\n<p>BeTranslated propose un large \u00e9ventail de services de traduction adapt\u00e9s aux besoins des entreprises, des organismes gouvernementaux et des r\u00e9sidents du Manitoba.<\/p>\n\n<h3 class=\"wp-block-heading\"><strong>Services de traduction pour professionnels<\/strong><\/h3>\n\n<p>Dans les centres \u00e9conomiques de Winnipeg, Brandon et Thompson, une communication claire favorise le succ\u00e8s des entreprises. <\/p>\n\n<p>BeTranslated propose les services complets de traduction pour professionnels suivants :<\/p>\n\n<ul class=\"wp-block-list\">\n<li><strong>Traductions de documents :<\/strong> nous traduisons vos contrats, propositions commerciales, supports marketing et bien plus encore en veillant \u00e0 ce qu&rsquo;ils soient clairs, fiables et professionnels.<\/li>\n\n\n\n<li><strong>Localisation de site web :<\/strong> am\u00e9liorez votre expansion sur les march\u00e9s num\u00e9rique en adaptant votre site web \u00e0 diff\u00e9rentes langues, afin de renforcer vos liens avec vos clients internationaux \u00e0 travers la population multilingue du Manitoba.<\/li>\n\n\n\n<li><strong>Traductions techniques :<\/strong> nos experts s&rsquo;occupent de traductions de manuels techniques, caract\u00e9risations de produit, instructions de s\u00e9curit\u00e9, essentielles aux secteurs manufacturier, agricole et technologique.<\/li>\n<\/ul>\n\n<h3 class=\"wp-block-heading\"><strong>Traduction certifi\u00e9es<\/strong><\/h3>\n\n<p>La pr\u00e9cision est un facteur pr\u00e9pond\u00e9rant pour la traduction de documents juridiques et officiels. <\/p>\n\n<p>BeTranslated propose des <strong>services de traduction certifi\u00e9s<\/strong> qui r\u00e9pondent aux exigences juridiques et r\u00e8glementaires accept\u00e9es par le tribunal, les organismes gouvernementaux et autres institutions officielles.<\/p>\n\n<p>Nos traducteurs certifi\u00e9s sont sp\u00e9cialis\u00e9s dans la traduction de contrats juridiques, de documents sur l&rsquo;immigration, de relev\u00e9s de notes et bien plus encore.<\/p>\n\n<h3 class=\"wp-block-heading\"><strong>Services de traduction m\u00e9dicale<\/strong><\/h3>\n\n<p>Une communication claire peut avoir un impact positif sur les soins aux patients dans le secteur de la sant\u00e9 du Manitoba. <\/p>\n\n<p>BeTranslated fournit des <strong>services de traduction m\u00e9dicale sp\u00e9cialis\u00e9e<\/strong> afin de garantir une communication pr\u00e9cise et efficace entre les professionnels de sant\u00e9, les patients et les \u00e9tablissements m\u00e9dicaux.<\/p>\n\n<p>Nous traduisons des dossiers m\u00e9dicaux, des renseignements sur les patients, formulaires de consentement et autres documents du domaine de la sant\u00e9 avec une pr\u00e9cision et une confidentialit\u00e9 plus que n\u00e9cessaire dans le secteur m\u00e9dical.<\/p>\n\n<h3 class=\"wp-block-heading\"><strong>Traductions destin\u00e9es aux administrations gouvernementales et au secteur public<\/strong><\/h3>\n\n<p>La population diversifi\u00e9e de la province n\u00e9cessite une communication multilingue claire et accessible. <\/p>\n\n<p>BeTranslated collabore avec les organismes gouvernementaux pour assurer la traduction des communiqu\u00e9s officiels, des documents de politique, des textes juridiques et bien plus encore.<\/p>\n\n<p>Nous garantissons \u00e0 tous les r\u00e9sidents, quelle que soit leur langue, un acc\u00e8s aux informations et services essentiels pour favoriser l&rsquo;inclusivit\u00e9 et l&rsquo;engagement civique.<\/p>\n\n<h3 class=\"wp-block-heading\"><strong>Services d&rsquo;interp\u00e9tation<\/strong><\/h3>\n\n<p>BeTranslated propose aussi bien de la traduction que de l&rsquo;<strong>interpr\u00e9tation professionnelle<\/strong> dans toute la province canadienne. <\/p>\n\n<p>Nos interpr\u00e8tes qualifi\u00e9s favorisent une communication juridique, m\u00e9dicale et professionnelle en temps r\u00e9el, tout en s&rsquo;assurant que les barri\u00e8res linguistiques ne compromettent pas ces \u00e9changes.<\/p>\n\n<p>Pour une proc\u00e9dure au tribunal \u00e0 Winnipeg, une consultation m\u00e9dicale \u00e0 Brandon ou une r\u00e9union d&rsquo;affaires \u00e0 Thompson, nos interpr\u00e8tes vous fournissent un r\u00e9sultat fiable et culturellement adapt\u00e9 pour vous guider \u00e0 travers des situations complexes en toute confiance.<\/p>\n\n<h3 class=\"wp-block-heading\"><strong>Traductions de documents personnels<\/strong><\/h3>\n\n<p>Les particuliers qui r\u00e9sident au Manitoba n\u00e9cessitent r\u00e9guli\u00e8rement des traductions de documents personnels :<\/p>\n\n<ul class=\"wp-block-list\">\n<li>Extraits de naissance<\/li>\n\n\n\n<li>Licences de mariage<\/li>\n\n\n\n<li>Relev\u00e9s de notes<\/li>\n\n\n\n<li>Documents sur l&rsquo;immigration<\/li>\n<\/ul>\n\n<p>BeTranslated propose des traductions pr\u00e9cises, fiables et certifi\u00e9es pour chacun de ces documents, reconnues et accept\u00e9es par les autorit\u00e9s comp\u00e9tentes. <\/p>\n\n<p>La pr\u00e9cision de nos services vous garantit des traductions adapt\u00e9es aux normes juridiques et r\u00e8glementaires.<\/p>\n\n<h2 class=\"wp-block-heading\">Pourquoi le Manitoba a besoin de services de traduction professionnels<\/h2>\n\n<p>Les services de traduction professionnelle sont essentiels pour l&rsquo;environnement diversifi\u00e9 et multiculturel de la province. Ces services sont essentiels pour : <\/p>\n\n<ul class=\"wp-block-list\">\n<li><strong>Soutenir la croissance des entreprises :<\/strong> la pr\u00e9cision des traductions est exig\u00e9e lorsque les entreprises du Manitoba \u00e9tendent leur march\u00e9 \u00e0 l&rsquo;international car cela permet d&rsquo;\u00e9tablir des relations solides et de garantir le succ\u00e8s des activit\u00e9s commerciales. En savoir plus sur <a href=\"https:\/\/www.betranslated.ca\/canadian-companies-internationalisation-process\/\">le processus d&rsquo;internationalisation des entreprises canadiennes<\/a>. <\/li>\n\n\n\n<li><strong>Favoriser l&rsquo;inclusivit\u00e9 :<\/strong> les services publics bilingues et multilingues garantissent \u00e0 tous les r\u00e9sidents, quelle que soit leur langue, un acc\u00e8s aux ressources et informations essentielles, favorisant ainsi une soci\u00e9t\u00e9 plus inclusive.<\/li>\n\n\n\n<li><strong>Am\u00e9liorer les soins de sant\u00e9 :<\/strong> des traduction m\u00e9dicales pr\u00e9cises sont essentielles pour assurer la qualit\u00e9 des soins des patients pour permettre aux professionnels de sant\u00e9 de communiquer clairement et d&rsquo;\u00e9viter les malentendus couteux.<\/li>\n\n\n\n<li><strong>Garantir la conformit\u00e9 juridique :<\/strong> les traductions certifi\u00e9es de documents juridiques sont essentielles pour une conformit\u00e9 des normes juridiques de la province canadienne afin d&rsquo;\u00e9viter des erreurs et d\u00e9lais qui pourraient mener \u00e0 des proc\u00e9dures judiciaires.<\/li>\n<\/ul>\n\n<h2 class=\"wp-block-heading\">Collaborez avec BeTranslated pour des traductions sp\u00e9cialis\u00e9es et des services d&rsquo;interpr\u00e9tation<\/h2>\n\n<p>Lorsqu&rsquo;il s&rsquo;agit de traduction et interpr\u00e9tation au Manitoba, BeTranslated est le partenaire dont vous avez besoin. <\/p>\n\n<p>Nous allions expertise et connaissance approfondie de la diversit\u00e9 linguistique et culturelle, afin de fournir des services pr\u00e9cis, fiable et culturellement adapt\u00e9s.<\/p>\n\n<h3 class=\"wp-block-heading\"><strong>Commencez un projet<\/strong><\/h3>\n\n<p>Ne laissez pas la barri\u00e8re de la langue vous freiner dans vos projets. <\/p>\n\n<p><a href=\"https:\/\/www.betranslated.ca\/fr\/devis-de-traduction\/\">Contactez BeTranslated<\/a> d\u00e8s maintenant afin de discuter de vos futurs projets de traduction et d&rsquo;interpr\u00e9tation. <\/p>\n\n<p>Que vous soyez une entreprise \u00e0 Winnipeg, un professionnel de sant\u00e9 \u00e0 Brandon ou un particulier \u00e0 Thompson, nous avons l&rsquo;expertise n\u00e9cessaire pour vous mener au succ\u00e8s.<\/p>\n\n<p>Acc\u00e9dez \u00e0 un devis personnalis\u00e9 par mail ou \u00e0 travers notre formulaire. <\/p>\n\n<p>Notre \u00e9quipe est engag\u00e9e et vous garantit des traductions professionnelles et des services d&rsquo;interpr\u00e9tation qui r\u00e9pondent \u00e0 vos besoins afin d&rsquo;assurer ainsi une communication efficace quelle que soit la langue souhait\u00e9e.<\/p>\n\n<h3 class=\"wp-block-heading\"><strong>Pourquoi choisir BeTranslated ?<\/strong><\/h3>\n\n<ul class=\"wp-block-list\">\n<li><strong>Pr\u00e9cision :<\/strong> nous proposons des traductions et interpr\u00e9tations pr\u00e9cises et adapt\u00e9es \u00e0 vos exigences linguistiques et sectorielles.<\/li>\n\n\n\n<li><strong>Fiabilit\u00e9 :<\/strong> si vous souhaitez un service de qualit\u00e9 toujours livr\u00e9 \u00e0 temps pour vos projets aux d\u00e9lais serr\u00e9s, faites confiance \u00e0 BeTranslated.<\/li>\n\n\n\n<li><strong>Pertinence culturelle :<\/strong> nos traducteurs et interpr\u00e8tes vous accompagnent \u00e0 travers les subtilit\u00e9s culturelles propres \u00e0 chaque langue, afin d&rsquo;assurer une communication fluide et efficace aupr\u00e8s de votre public cible.<\/li>\n<\/ul>\n\n<h3 class=\"wp-block-heading\"><strong>Contactez-nous d\u00e8s maintenant<\/strong><\/h3>\n\n<p>Faites le premier pas vers une communication claire et percutante. Laissez BeTranslated vous aider \u00e0 briser les cha\u00eenes linguistiques et cr\u00e9er de nouvelles opportunit\u00e9s.<\/p>\n\n<p><a href=\"https:\/\/www.betranslated.ca\/fr\/devis-de-traduction\/\">Contactez-nous<\/a> afin d&rsquo;en savoir plus sur les <a href=\"https:\/\/www.betranslated.ca\/fr\/services-de-traduction-au-manitoba\/\">services de traduction au Manitoba<\/a>.<\/p>\n\n<p>Ensemble, nous pouvons faire du Manitoba une province plus connect\u00e9e, inclusive et prosp\u00e8re.<\/p>\n\n<p>Pour plus d&rsquo;information sur nos services \u00e0 travers le pays, consultez notre page sur les <a href=\"https:\/\/www.betranslated.ca\/fr\/services-de-traduction-au-canada\/\">services de traduction au Canada<\/a>. Explorez \u00e9galement nos services disponibles dans d&rsquo;autres provinces : <\/p>\n\n<ul class=\"wp-block-list\">\n<li><a href=\"https:\/\/www.betranslated.ca\/fr\/services-de-traduction-alberta\/\">Services de traduction en Alberta<\/a><\/li>\n\n\n\n<li><a href=\"https:\/\/www.betranslated.ca\/fr\/services-de-traduction-colombie-britannique\/\">Services de traduction en Colombie-Britannique<\/a><\/li>\n\n\n\n<li><a href=\"https:\/\/www.betranslated.ca\/fr\/services-de-traduction-ontario\/\">Services de traduction en Ontario<\/a><\/li>\n\n\n\n<li><a href=\"https:\/\/www.betranslated.ca\/fr\/services-de-traduction-au-quebec\/\">Services de traduction au Qu\u00e9bec<\/a><\/li>\n<\/ul>\n\n<p>D\u00e9couvrez-en davantage sur les perspectives culturelles et le commerce international sur notre <a href=\"https:\/\/www.betranslated.ca\/fr\/blog\/\">blog BeTranslated<\/a>. Pour plus d&rsquo;information sur nos pratiques, veuillez consulter notre <a href=\"https:\/\/www.betranslated.ca\/fr\/politique-de-confidentialite\/\">politique de confidentialit\u00e9<\/a>. <\/p>\n","protected":false},"excerpt":{"rendered":"<p>BeTranslated propose des services de traduction professionnels et de l&rsquo;interpretation pour Winnipeg ainsi que pour toute la province. Des documents m\u00e9dicaux, juridiques et contenu de r\u00e9f\u00e9rencement naturel, nous proposons des services pr\u00e9cis et culturellement adapt\u00e9s pour vos besoins. <\/p>\n<p>\ud83d\udce9 Contactez-nous d\u00e8s maintenant pour toute demande de traduction !<\/p>\n","protected":false},"author":2,"featured_media":1056,"parent":0,"menu_order":0,"comment_status":"closed","ping_status":"closed","template":"","meta":{"_et_pb_use_builder":"","_et_pb_old_content":"","_et_gb_content_width":"","footnotes":""},"dipi_cpt_category":[47],"class_list":["post-1319","page","type-page","status-publish","has-post-thumbnail","hentry","dipi_cpt_category-region"],"_links":{"self":[{"href":"https:\/\/www.betranslated.ca\/fr\/wp-json\/wp\/v2\/pages\/1319","targetHints":{"allow":["GET"]}}],"collection":[{"href":"https:\/\/www.betranslated.ca\/fr\/wp-json\/wp\/v2\/pages"}],"about":[{"href":"https:\/\/www.betranslated.ca\/fr\/wp-json\/wp\/v2\/types\/page"}],"author":[{"embeddable":true,"href":"https:\/\/www.betranslated.ca\/fr\/wp-json\/wp\/v2\/users\/2"}],"replies":[{"embeddable":true,"href":"https:\/\/www.betranslated.ca\/fr\/wp-json\/wp\/v2\/comments?post=1319"}],"version-history":[{"count":1,"href":"https:\/\/www.betranslated.ca\/fr\/wp-json\/wp\/v2\/pages\/1319\/revisions"}],"predecessor-version":[{"id":1320,"href":"https:\/\/www.betranslated.ca\/fr\/wp-json\/wp\/v2\/pages\/1319\/revisions\/1320"}],"wp:featuredmedia":[{"embeddable":true,"href":"https:\/\/www.betranslated.ca\/fr\/wp-json\/wp\/v2\/media\/1056"}],"wp:attachment":[{"href":"https:\/\/www.betranslated.ca\/fr\/wp-json\/wp\/v2\/media?parent=1319"}],"wp:term":[{"taxonomy":"dipi_cpt_category","embeddable":true,"href":"https:\/\/www.betranslated.ca\/fr\/wp-json\/wp\/v2\/dipi_cpt_category?post=1319"}],"curies":[{"name":"wp","href":"https:\/\/api.w.org\/{rel}","templated":true}]}}